{"id":229435,"date":"2025-12-28T06:53:24","date_gmt":"2025-12-28T03:53:24","guid":{"rendered":"https:\/\/baldumarket.lt\/product\/bit-biurko-l-przestawne-narozne-bialy-bialy-polysk\/"},"modified":"2026-02-11T18:36:39","modified_gmt":"2026-02-11T15:36:39","slug":"bit-biurko-l-przestawne-narozne-bialy-bialy-polysk","status":"publish","type":"product","link":"https:\/\/baldumarket.lt\/lt\/product\/bit-biurko-l-przestawne-narozne-bialy-bialy-polysk\/","title":{"rendered":"BIT L formos reguliuojamo auk\u0161\u010dio kampinis stalas, baltas, blizgiai baltas"},"content":{"rendered":"<p>BIT kairysis reguliuojamo auk\u0161\u010dio kampinis stalas<br \/>\nStalas gali b\u016bti surinktas tiesiai arba kampiniu b\u016bdu.<br \/>\nTiesaus varianto matmenys:<br \/>\nPlotis: 206 cm<br \/>\nAuk\u0161tis: 75 cm<br \/>\nGylis: 68 cm<br \/>\nKampin\u0117s versijos matmenys:<br \/>\nPlotis: 137 cm<br \/>\nAuk\u0161tis: 75 cm<br \/>\nGylis: 136 cm<br \/>\nSpalvos:<br \/>\n\u2013 Balta \/ Blizgi balta<\/p>","protected":false},"excerpt":{"rendered":"<p>Svoris [kg]: 51<\/p>","protected":false},"featured_media":229436,"comment_status":"open","ping_status":"open","template":"","meta":[],"product_brand":[],"product_cat":[1312,8386],"product_tag":[],"class_list":{"0":"post-229435","1":"product","2":"type-product","3":"status-publish","4":"has-post-thumbnail","6":"product_cat-desks","7":"product_cat-meblocross","9":"first","10":"instock","11":"purchasable","12":"product-type-simple"},"_links":{"self":[{"href":"https:\/\/baldumarket.lt\/lt\/wp-json\/wp\/v2\/product\/229435","targetHints":{"allow":["GET"]}}],"collection":[{"href":"https:\/\/baldumarket.lt\/lt\/wp-json\/wp\/v2\/product"}],"about":[{"href":"https:\/\/baldumarket.lt\/lt\/wp-json\/wp\/v2\/types\/product"}],"replies":[{"embeddable":true,"href":"https:\/\/baldumarket.lt\/lt\/wp-json\/wp\/v2\/comments?post=229435"}],"wp:featuredmedia":[{"embeddable":true,"href":"https:\/\/baldumarket.lt\/lt\/wp-json\/wp\/v2\/media\/229436"}],"wp:attachment":[{"href":"https:\/\/baldumarket.lt\/lt\/wp-json\/wp\/v2\/media?parent=229435"}],"wp:term":[{"taxonomy":"product_brand","embeddable":true,"href":"https:\/\/baldumarket.lt\/lt\/wp-json\/wp\/v2\/product_brand?post=229435"},{"taxonomy":"product_cat","embeddable":true,"href":"https:\/\/baldumarket.lt\/lt\/wp-json\/wp\/v2\/product_cat?post=229435"},{"taxonomy":"product_tag","embeddable":true,"href":"https:\/\/baldumarket.lt\/lt\/wp-json\/wp\/v2\/product_tag?post=229435"}],"curies":[{"name":"wp","href":"https:\/\/api.w.org\/{rel}","templated":true}]}}