{"id":22941,"date":"2025-11-14T14:49:54","date_gmt":"2025-11-14T11:49:54","guid":{"rendered":"https:\/\/baldumarket.lt\/product\/pouf-r1\/"},"modified":"2026-03-24T16:49:58","modified_gmt":"2026-03-24T13:49:58","slug":"pouf-r1","status":"publish","type":"product","link":"https:\/\/baldumarket.lt\/lt\/product\/pouf-r1\/","title":{"rendered":"Pufas R1"},"content":{"rendered":"<p>R1 \u2013 tai pufas, pasi\u017eymintis patogia, patvaria ir erdvia s\u0117dyne, \u017eemomis kojel\u0117mis, stabilia konstrukcija, daiktad\u0117\u017ee, pasiekiama nu\u0117mus s\u0117dyn\u0119, ir galiausiai eleganti\u0161ku dizainu, kuris puikiai papildys \u012fvairius interjerus. Be stilingos i\u0161vaizdos, verta atkreipti d\u0117mes\u012f ir \u012f bald\u0173 kokyb\u0119, kuri tiesiog stulbina. 35 \u00d7 35 cm matmenys leid\u017eia puf\u0105 lengvai pritaikyti bet kuriame kambaryje. Ie\u0161kote funkcionalaus, modernaus pufo, kuris padidint\u0173 kasdienio poilsio komfort\u0105? R1 \u2013 puikus pasirinkimas!<\/p>","protected":false},"excerpt":{"rendered":"<p>\u201eR1\u201c \u2013 tai pufas, pasi\u017eymintis patogia, patvaria ir erdvia s\u0117dyne, \u017eemomis kojel\u0117mis, stabilia konstrukcija, daiktad\u0117\u017ee, pasiekiama nu\u0117mus s\u0117dyn\u0119, ir galiausiai eleganti\u0161ku dizainu, kuris puikiai papildys \u012fvairius interjerus. Be stilingos i\u0161vaizdos, verta atkreipti d\u0117mes\u012f ir \u012f bald\u0173 kokyb\u0119, kuri tiesiog [\u2026]<\/p>","protected":false},"featured_media":22942,"comment_status":"open","ping_status":"open","template":"","meta":[],"product_brand":[],"product_cat":[2012,9168,826],"product_tag":[],"class_list":{"0":"post-22941","1":"product","2":"type-product","3":"status-publish","4":"has-post-thumbnail","6":"product_cat-eltap","7":"product_cat-pufy-eltap","8":"product_cat-poufs","10":"first","11":"instock","12":"purchasable","13":"product-type-variable","14":"wvs-archive-product-wrapper"},"_links":{"self":[{"href":"https:\/\/baldumarket.lt\/lt\/wp-json\/wp\/v2\/product\/22941","targetHints":{"allow":["GET"]}}],"collection":[{"href":"https:\/\/baldumarket.lt\/lt\/wp-json\/wp\/v2\/product"}],"about":[{"href":"https:\/\/baldumarket.lt\/lt\/wp-json\/wp\/v2\/types\/product"}],"replies":[{"embeddable":true,"href":"https:\/\/baldumarket.lt\/lt\/wp-json\/wp\/v2\/comments?post=22941"}],"wp:featuredmedia":[{"embeddable":true,"href":"https:\/\/baldumarket.lt\/lt\/wp-json\/wp\/v2\/media\/22942"}],"wp:attachment":[{"href":"https:\/\/baldumarket.lt\/lt\/wp-json\/wp\/v2\/media?parent=22941"}],"wp:term":[{"taxonomy":"product_brand","embeddable":true,"href":"https:\/\/baldumarket.lt\/lt\/wp-json\/wp\/v2\/product_brand?post=22941"},{"taxonomy":"product_cat","embeddable":true,"href":"https:\/\/baldumarket.lt\/lt\/wp-json\/wp\/v2\/product_cat?post=22941"},{"taxonomy":"product_tag","embeddable":true,"href":"https:\/\/baldumarket.lt\/lt\/wp-json\/wp\/v2\/product_tag?post=22941"}],"curies":[{"name":"wp","href":"https:\/\/api.w.org\/{rel}","templated":true}]}}