{"id":229351,"date":"2025-12-28T06:50:17","date_gmt":"2025-12-28T03:50:17","guid":{"rendered":"https:\/\/baldumarket.lt\/product\/bit-p-biurko-narozne-proste-przestawne-gamingowe-dab-cremona-granada-migdal\/"},"modified":"2026-02-11T18:36:40","modified_gmt":"2026-02-11T15:36:40","slug":"bit-p-biurko-narozne-proste-przestawne-gamingowe-dab-cremona-granada-migdal","status":"publish","type":"product","link":"https:\/\/baldumarket.lt\/lt\/product\/bit-p-biurko-narozne-proste-przestawne-gamingowe-dab-cremona-granada-migdal\/","title":{"rendered":"BIT P kampinis stalas, paprastas, reguliuojamas, \u017eaidim\u0173 stalas, \u0105\u017euolas \u201ecremona\u201c, \u0105\u017euolas \u201egranada\u201c, migdol\u0173 spalvos"},"content":{"rendered":"<p>BIT de\u0161ininis reguliuojamo auk\u0161\u010dio kampinis stalas<br \/>\nStalas gali b\u016bti surinktas tiesiai arba kampiniu b\u016bdu.<br \/>\nTiesaus varianto matmenys: plotis: 206 cm, auk\u0161tis: 75 cm, gylis: 68 cm.<br \/>\nKampin\u0117s versijos matmenys: plotis: 137 cm, auk\u0161tis: 75 cm, gylis: 136 cm.<br \/>\nSpalva: Kremonos \u0105\u017euolo \/ Granados migdol\u0173<\/p>","protected":false},"excerpt":{"rendered":"<p>Plotis [cm]: 206 \/ 137<br \/>\nAuk\u0161tis [cm]: 75<br \/>\nGylis [cm]: 68 \/ 136<br \/>\nSvoris [kg]: 51<\/p>","protected":false},"featured_media":229352,"comment_status":"open","ping_status":"open","template":"","meta":[],"product_brand":[],"product_cat":[1312,8386],"product_tag":[],"class_list":{"0":"post-229351","1":"product","2":"type-product","3":"status-publish","4":"has-post-thumbnail","6":"product_cat-desks","7":"product_cat-meblocross","9":"first","10":"instock","11":"purchasable","12":"product-type-simple"},"_links":{"self":[{"href":"https:\/\/baldumarket.lt\/lt\/wp-json\/wp\/v2\/product\/229351","targetHints":{"allow":["GET"]}}],"collection":[{"href":"https:\/\/baldumarket.lt\/lt\/wp-json\/wp\/v2\/product"}],"about":[{"href":"https:\/\/baldumarket.lt\/lt\/wp-json\/wp\/v2\/types\/product"}],"replies":[{"embeddable":true,"href":"https:\/\/baldumarket.lt\/lt\/wp-json\/wp\/v2\/comments?post=229351"}],"wp:featuredmedia":[{"embeddable":true,"href":"https:\/\/baldumarket.lt\/lt\/wp-json\/wp\/v2\/media\/229352"}],"wp:attachment":[{"href":"https:\/\/baldumarket.lt\/lt\/wp-json\/wp\/v2\/media?parent=229351"}],"wp:term":[{"taxonomy":"product_brand","embeddable":true,"href":"https:\/\/baldumarket.lt\/lt\/wp-json\/wp\/v2\/product_brand?post=229351"},{"taxonomy":"product_cat","embeddable":true,"href":"https:\/\/baldumarket.lt\/lt\/wp-json\/wp\/v2\/product_cat?post=229351"},{"taxonomy":"product_tag","embeddable":true,"href":"https:\/\/baldumarket.lt\/lt\/wp-json\/wp\/v2\/product_tag?post=229351"}],"curies":[{"name":"wp","href":"https:\/\/api.w.org\/{rel}","templated":true}]}}