{"id":229337,"date":"2025-12-28T06:49:39","date_gmt":"2025-12-28T03:49:39","guid":{"rendered":"https:\/\/baldumarket.lt\/product\/bit-p-biurko-narozne-proste-przestawne-gamingowe-dab-grange-bialy-polysk\/"},"modified":"2026-02-11T18:36:40","modified_gmt":"2026-02-11T15:36:40","slug":"bit-p-biurko-narozne-proste-przestawne-gamingowe-dab-grange-bialy-polysk","status":"publish","type":"product","link":"https:\/\/baldumarket.lt\/lt\/product\/bit-p-biurko-narozne-proste-przestawne-gamingowe-dab-grange-bialy-polysk\/","title":{"rendered":"BIT P kampinis stalas, paprastas, reguliuojamo auk\u0161\u010dio, \u017eaidim\u0173 stalas, \u0105\u017euolo, granido spalvos, balta blizgi"},"content":{"rendered":"<p>BIT de\u0161ininis reguliuojamo auk\u0161\u010dio kampinis stalas<br \/>\nStalas gali b\u016bti surinktas tiesiai arba kampiniu b\u016bdu.<br \/>\nTiesaus varianto matmenys: plotis: 206 cm, auk\u0161tis: 75 cm, gylis: 68 cm.<br \/>\nKampin\u0117s versijos matmenys: plotis: 137 cm, auk\u0161tis: 75 cm, gylis: 136 cm.<br \/>\nSpalva: Grange \u0105\u017euolas \/ blizgi balta<\/p>","protected":false},"excerpt":{"rendered":"<p>Plotis [cm]: 206 \/ 137<br \/>\nAuk\u0161tis [cm]: 75<br \/>\nGylis [cm]: 68 \/ 136<br \/>\nSvoris [kg]: 51<\/p>","protected":false},"featured_media":229338,"comment_status":"open","ping_status":"open","template":"","meta":[],"product_brand":[],"product_cat":[1312,8386],"product_tag":[],"class_list":{"0":"post-229337","1":"product","2":"type-product","3":"status-publish","4":"has-post-thumbnail","6":"product_cat-desks","7":"product_cat-meblocross","9":"first","10":"instock","11":"purchasable","12":"product-type-simple"},"_links":{"self":[{"href":"https:\/\/baldumarket.lt\/lt\/wp-json\/wp\/v2\/product\/229337","targetHints":{"allow":["GET"]}}],"collection":[{"href":"https:\/\/baldumarket.lt\/lt\/wp-json\/wp\/v2\/product"}],"about":[{"href":"https:\/\/baldumarket.lt\/lt\/wp-json\/wp\/v2\/types\/product"}],"replies":[{"embeddable":true,"href":"https:\/\/baldumarket.lt\/lt\/wp-json\/wp\/v2\/comments?post=229337"}],"wp:featuredmedia":[{"embeddable":true,"href":"https:\/\/baldumarket.lt\/lt\/wp-json\/wp\/v2\/media\/229338"}],"wp:attachment":[{"href":"https:\/\/baldumarket.lt\/lt\/wp-json\/wp\/v2\/media?parent=229337"}],"wp:term":[{"taxonomy":"product_brand","embeddable":true,"href":"https:\/\/baldumarket.lt\/lt\/wp-json\/wp\/v2\/product_brand?post=229337"},{"taxonomy":"product_cat","embeddable":true,"href":"https:\/\/baldumarket.lt\/lt\/wp-json\/wp\/v2\/product_cat?post=229337"},{"taxonomy":"product_tag","embeddable":true,"href":"https:\/\/baldumarket.lt\/lt\/wp-json\/wp\/v2\/product_tag?post=229337"}],"curies":[{"name":"wp","href":"https:\/\/api.w.org\/{rel}","templated":true}]}}