{"id":229326,"date":"2025-12-28T06:49:11","date_gmt":"2025-12-28T03:49:11","guid":{"rendered":"https:\/\/baldumarket.lt\/product\/lozko-pietrowe-biurko-komoda-antresola-emi-l-dab-craft-zloty-craft-bialy\/"},"modified":"2026-02-11T18:36:40","modified_gmt":"2026-02-11T15:36:40","slug":"lozko-pietrowe-biurko-komoda-antresola-emi-l-dab-craft-zloty-craft-bialy","status":"publish","type":"product","link":"https:\/\/baldumarket.lt\/lt\/product\/lozko-pietrowe-biurko-komoda-antresola-emi-l-dab-craft-zloty-craft-bialy\/","title":{"rendered":"EMI L pal\u0117p\u0117s formos lova, ra\u0161omasis stalas, komoda, \u0105\u017euolo spalvos auksin\u0117s \/ baltos spalvos"},"content":{"rendered":"<p>EMI L antresol\u0117 be \u010diu\u017einio. 16 mm plok\u0161t\u0117, ABS kra\u0161tas, atidaroma PASPAUSDANT, maksimalus \u010diu\u017einio auk\u0161tis 12 cm. Spalva: auksinis \u0105\u017euolas \/ baltas \u0105\u017euolas.<\/p>","protected":false},"excerpt":{"rendered":"<p>Plotis [cm]: 204<br \/>\nAuk\u0161tis [cm]: 112<br \/>\nGylis [cm]: 112<br \/>\nMiegamasis plotas [cm]: 90 x 200<br \/>\nSvoris [kg]: 160,5<\/p>","protected":false},"featured_media":229327,"comment_status":"open","ping_status":"open","template":"","meta":[],"product_brand":[],"product_cat":[505,8386],"product_tag":[],"class_list":{"0":"post-229326","1":"product","2":"type-product","3":"status-publish","4":"has-post-thumbnail","6":"product_cat-bedroom-beds","7":"product_cat-meblocross","9":"first","10":"instock","11":"purchasable","12":"product-type-simple"},"_links":{"self":[{"href":"https:\/\/baldumarket.lt\/lt\/wp-json\/wp\/v2\/product\/229326","targetHints":{"allow":["GET"]}}],"collection":[{"href":"https:\/\/baldumarket.lt\/lt\/wp-json\/wp\/v2\/product"}],"about":[{"href":"https:\/\/baldumarket.lt\/lt\/wp-json\/wp\/v2\/types\/product"}],"replies":[{"embeddable":true,"href":"https:\/\/baldumarket.lt\/lt\/wp-json\/wp\/v2\/comments?post=229326"}],"wp:featuredmedia":[{"embeddable":true,"href":"https:\/\/baldumarket.lt\/lt\/wp-json\/wp\/v2\/media\/229327"}],"wp:attachment":[{"href":"https:\/\/baldumarket.lt\/lt\/wp-json\/wp\/v2\/media?parent=229326"}],"wp:term":[{"taxonomy":"product_brand","embeddable":true,"href":"https:\/\/baldumarket.lt\/lt\/wp-json\/wp\/v2\/product_brand?post=229326"},{"taxonomy":"product_cat","embeddable":true,"href":"https:\/\/baldumarket.lt\/lt\/wp-json\/wp\/v2\/product_cat?post=229326"},{"taxonomy":"product_tag","embeddable":true,"href":"https:\/\/baldumarket.lt\/lt\/wp-json\/wp\/v2\/product_tag?post=229326"}],"curies":[{"name":"wp","href":"https:\/\/api.w.org\/{rel}","templated":true}]}}