{"id":229308,"date":"2025-12-28T06:48:37","date_gmt":"2025-12-28T03:48:37","guid":{"rendered":"https:\/\/baldumarket.lt\/product\/lozko-pietrowe-biurko-komoda-z-szufladami-antresola-emi-l-dab-artisan-krem\/"},"modified":"2026-02-11T18:36:40","modified_gmt":"2026-02-11T15:36:40","slug":"lozko-pietrowe-biurko-komoda-z-szufladami-antresola-emi-l-dab-artisan-krem","status":"publish","type":"product","link":"https:\/\/baldumarket.lt\/lt\/product\/lozko-pietrowe-biurko-komoda-z-szufladami-antresola-emi-l-dab-artisan-krem\/","title":{"rendered":"EMI L dvigul\u0117 lova, ra\u0161omasis stalas, komoda, antresol\u0117, \u0105\u017euolo dirbiniai, kremin\u0117 spalva"},"content":{"rendered":"<p>EMI L antresol\u0117 be \u010diu\u017einio 90\u00d7200. 16 mm plok\u0161t\u0117, ABS kra\u0161tas, atidarymas PASPAUSKITE. Spalva: \u0105\u017euolas \/ kremin\u0117<\/p>","protected":false},"excerpt":{"rendered":"<p>Plotis [cm]: 204<br \/>\nAuk\u0161tis [cm]: 112<br \/>\nGylis [cm]: 112<br \/>\nMiegamasis plotas [cm]: 90 x 200<br \/>\nSvoris [kg]: 160,5<\/p>","protected":false},"featured_media":229309,"comment_status":"open","ping_status":"open","template":"","meta":[],"product_brand":[],"product_cat":[505,8386],"product_tag":[],"class_list":{"0":"post-229308","1":"product","2":"type-product","3":"status-publish","4":"has-post-thumbnail","6":"product_cat-bedroom-beds","7":"product_cat-meblocross","9":"first","10":"instock","11":"purchasable","12":"product-type-simple"},"_links":{"self":[{"href":"https:\/\/baldumarket.lt\/lt\/wp-json\/wp\/v2\/product\/229308","targetHints":{"allow":["GET"]}}],"collection":[{"href":"https:\/\/baldumarket.lt\/lt\/wp-json\/wp\/v2\/product"}],"about":[{"href":"https:\/\/baldumarket.lt\/lt\/wp-json\/wp\/v2\/types\/product"}],"replies":[{"embeddable":true,"href":"https:\/\/baldumarket.lt\/lt\/wp-json\/wp\/v2\/comments?post=229308"}],"wp:featuredmedia":[{"embeddable":true,"href":"https:\/\/baldumarket.lt\/lt\/wp-json\/wp\/v2\/media\/229309"}],"wp:attachment":[{"href":"https:\/\/baldumarket.lt\/lt\/wp-json\/wp\/v2\/media?parent=229308"}],"wp:term":[{"taxonomy":"product_brand","embeddable":true,"href":"https:\/\/baldumarket.lt\/lt\/wp-json\/wp\/v2\/product_brand?post=229308"},{"taxonomy":"product_cat","embeddable":true,"href":"https:\/\/baldumarket.lt\/lt\/wp-json\/wp\/v2\/product_cat?post=229308"},{"taxonomy":"product_tag","embeddable":true,"href":"https:\/\/baldumarket.lt\/lt\/wp-json\/wp\/v2\/product_tag?post=229308"}],"curies":[{"name":"wp","href":"https:\/\/api.w.org\/{rel}","templated":true}]}}