{"id":229248,"date":"2025-12-28T06:46:22","date_gmt":"2025-12-28T03:46:22","guid":{"rendered":"https:\/\/baldumarket.lt\/product\/lozko-pietrowe-biurko-komoda-z-szufladami-antresola-emi-p-dab-sonoma-fiolet\/"},"modified":"2026-02-11T18:36:41","modified_gmt":"2026-02-11T15:36:41","slug":"lozko-pietrowe-biurko-komoda-z-szufladami-antresola-emi-p-dab-sonoma-fiolet","status":"publish","type":"product","link":"https:\/\/baldumarket.lt\/lt\/product\/lozko-pietrowe-biurko-komoda-z-szufladami-antresola-emi-p-dab-sonoma-fiolet\/","title":{"rendered":"EMI P dviauk\u0161t\u0117 lova, ra\u0161omasis stalas, komoda, antresol\u0117, Sonoma \u0105\u017euolas, violetin\u0117"},"content":{"rendered":"<p>EMI P antresol\u0117 be \u010diu\u017einio. 16 mm plok\u0161t\u0117, ABS kra\u0161tas, atidarymas PASPAUSKITE, maksimalus \u010diu\u017einio auk\u0161tis 12 cm, spalva: Sonoma \u0105\u017euolas \/ violetin\u0117<\/p>","protected":false},"excerpt":{"rendered":"<p>Plotis [cm]: 204<br \/>\nAuk\u0161tis [cm]: 112<br \/>\nGylis [cm]: 112<br \/>\nMiegamasis plotas [cm]: 90 x 200<br \/>\nSvoris [kg]: 160,5<\/p>","protected":false},"featured_media":229249,"comment_status":"open","ping_status":"open","template":"","meta":[],"product_brand":[],"product_cat":[505,8386],"product_tag":[],"class_list":{"0":"post-229248","1":"product","2":"type-product","3":"status-publish","4":"has-post-thumbnail","6":"product_cat-bedroom-beds","7":"product_cat-meblocross","9":"first","10":"instock","11":"purchasable","12":"product-type-simple"},"_links":{"self":[{"href":"https:\/\/baldumarket.lt\/lt\/wp-json\/wp\/v2\/product\/229248","targetHints":{"allow":["GET"]}}],"collection":[{"href":"https:\/\/baldumarket.lt\/lt\/wp-json\/wp\/v2\/product"}],"about":[{"href":"https:\/\/baldumarket.lt\/lt\/wp-json\/wp\/v2\/types\/product"}],"replies":[{"embeddable":true,"href":"https:\/\/baldumarket.lt\/lt\/wp-json\/wp\/v2\/comments?post=229248"}],"wp:featuredmedia":[{"embeddable":true,"href":"https:\/\/baldumarket.lt\/lt\/wp-json\/wp\/v2\/media\/229249"}],"wp:attachment":[{"href":"https:\/\/baldumarket.lt\/lt\/wp-json\/wp\/v2\/media?parent=229248"}],"wp:term":[{"taxonomy":"product_brand","embeddable":true,"href":"https:\/\/baldumarket.lt\/lt\/wp-json\/wp\/v2\/product_brand?post=229248"},{"taxonomy":"product_cat","embeddable":true,"href":"https:\/\/baldumarket.lt\/lt\/wp-json\/wp\/v2\/product_cat?post=229248"},{"taxonomy":"product_tag","embeddable":true,"href":"https:\/\/baldumarket.lt\/lt\/wp-json\/wp\/v2\/product_tag?post=229248"}],"curies":[{"name":"wp","href":"https:\/\/api.w.org\/{rel}","templated":true}]}}