{"id":229179,"date":"2025-12-28T06:43:55","date_gmt":"2025-12-28T03:43:55","guid":{"rendered":"https:\/\/baldumarket.lt\/product\/lozko-pietrowe-dzieciece-mlodziezowe-2-osobowe-80x200-evest-artisan-bet-cz\/"},"modified":"2026-02-11T18:36:42","modified_gmt":"2026-02-11T15:36:42","slug":"lozko-pietrowe-dzieciece-mlodziezowe-2-osobowe-80x200-evest-artisan-bet-cz","status":"publish","type":"product","link":"https:\/\/baldumarket.lt\/lt\/product\/lozko-pietrowe-dzieciece-mlodziezowe-2-osobowe-80x200-evest-artisan-bet-cz\/","title":{"rendered":"Vaik\u0173 dviauk\u0161t\u0117 lova jaunimui 2 asmenims 80\u00d7200 EVEST artisan bet.cz"},"content":{"rendered":"<p>EVEST dviauk\u0161t\u0117 lova be \u010diu\u017einio 80\u00d7200. 16 mm plok\u0161t\u0117, ABS kra\u0161tas, maksimalus \u010diu\u017einio auk\u0161tis 12 cm. Spalva: dirbtinis \u0105\u017euolas \/ juodas betonas.<\/p>","protected":false},"excerpt":{"rendered":"<p>Plotis [cm]: 204<br \/>\n\u016agis [cm]: 166<br \/>\nGylis [cm]: 100<br \/>\nMiegamasis plotas [cm]: 80 x 200<br \/>\nSvoris [kg]: 147<\/p>","protected":false},"featured_media":229180,"comment_status":"open","ping_status":"open","template":"","meta":[],"product_brand":[],"product_cat":[505,8386],"product_tag":[],"class_list":{"0":"post-229179","1":"product","2":"type-product","3":"status-publish","4":"has-post-thumbnail","6":"product_cat-bedroom-beds","7":"product_cat-meblocross","9":"first","10":"instock","11":"purchasable","12":"product-type-simple"},"_links":{"self":[{"href":"https:\/\/baldumarket.lt\/lt\/wp-json\/wp\/v2\/product\/229179","targetHints":{"allow":["GET"]}}],"collection":[{"href":"https:\/\/baldumarket.lt\/lt\/wp-json\/wp\/v2\/product"}],"about":[{"href":"https:\/\/baldumarket.lt\/lt\/wp-json\/wp\/v2\/types\/product"}],"replies":[{"embeddable":true,"href":"https:\/\/baldumarket.lt\/lt\/wp-json\/wp\/v2\/comments?post=229179"}],"wp:featuredmedia":[{"embeddable":true,"href":"https:\/\/baldumarket.lt\/lt\/wp-json\/wp\/v2\/media\/229180"}],"wp:attachment":[{"href":"https:\/\/baldumarket.lt\/lt\/wp-json\/wp\/v2\/media?parent=229179"}],"wp:term":[{"taxonomy":"product_brand","embeddable":true,"href":"https:\/\/baldumarket.lt\/lt\/wp-json\/wp\/v2\/product_brand?post=229179"},{"taxonomy":"product_cat","embeddable":true,"href":"https:\/\/baldumarket.lt\/lt\/wp-json\/wp\/v2\/product_cat?post=229179"},{"taxonomy":"product_tag","embeddable":true,"href":"https:\/\/baldumarket.lt\/lt\/wp-json\/wp\/v2\/product_tag?post=229179"}],"curies":[{"name":"wp","href":"https:\/\/api.w.org\/{rel}","templated":true}]}}