{"id":229116,"date":"2025-12-28T06:41:45","date_gmt":"2025-12-28T03:41:45","guid":{"rendered":"https:\/\/baldumarket.lt\/product\/lozko-pietrowe-dzieciece-mlodziezowe-antresola-biurko-eno-p-bialy-gr-migdal\/"},"modified":"2026-02-11T18:36:43","modified_gmt":"2026-02-11T15:36:43","slug":"lozko-pietrowe-dzieciece-mlodziezowe-antresola-biurko-eno-p-bialy-gr-migdal","status":"publish","type":"product","link":"https:\/\/baldumarket.lt\/lt\/product\/lozko-pietrowe-dzieciece-mlodziezowe-antresola-biurko-eno-p-bialy-gr-migdal\/","title":{"rendered":"Vaiki\u0161ka jaunimo dviauk\u0161t\u0117 lova su antresol\u0117s stalu ENO P, balta, migdol\u0173 pilka"},"content":{"rendered":"<p>ENO P antresol\u0117 be \u010diu\u017einio 80\u00d7200, 16 mm plok\u0161t\u0117, ABS kra\u0161tas, \u0161velnus u\u017edarymas stal\u010diuose ir spintel\u0117se, maksimalus \u010diu\u017einio auk\u0161tis 12 cm, spalva: balta \/ granados migdol\u0173 spalvos<\/p>","protected":false},"excerpt":{"rendered":"<p>Plotis [cm]: 206<br \/>\n\u016agis [cm]: 138<br \/>\nGylis [cm]: 120<br \/>\nMiegamasis plotas [cm]: 80 x 200<br \/>\nSvoris [kg]: 198<\/p>","protected":false},"featured_media":229117,"comment_status":"open","ping_status":"open","template":"","meta":[],"product_brand":[],"product_cat":[505,8386],"product_tag":[],"class_list":{"0":"post-229116","1":"product","2":"type-product","3":"status-publish","4":"has-post-thumbnail","6":"product_cat-bedroom-beds","7":"product_cat-meblocross","9":"first","10":"instock","11":"purchasable","12":"product-type-simple"},"_links":{"self":[{"href":"https:\/\/baldumarket.lt\/lt\/wp-json\/wp\/v2\/product\/229116","targetHints":{"allow":["GET"]}}],"collection":[{"href":"https:\/\/baldumarket.lt\/lt\/wp-json\/wp\/v2\/product"}],"about":[{"href":"https:\/\/baldumarket.lt\/lt\/wp-json\/wp\/v2\/types\/product"}],"replies":[{"embeddable":true,"href":"https:\/\/baldumarket.lt\/lt\/wp-json\/wp\/v2\/comments?post=229116"}],"wp:featuredmedia":[{"embeddable":true,"href":"https:\/\/baldumarket.lt\/lt\/wp-json\/wp\/v2\/media\/229117"}],"wp:attachment":[{"href":"https:\/\/baldumarket.lt\/lt\/wp-json\/wp\/v2\/media?parent=229116"}],"wp:term":[{"taxonomy":"product_brand","embeddable":true,"href":"https:\/\/baldumarket.lt\/lt\/wp-json\/wp\/v2\/product_brand?post=229116"},{"taxonomy":"product_cat","embeddable":true,"href":"https:\/\/baldumarket.lt\/lt\/wp-json\/wp\/v2\/product_cat?post=229116"},{"taxonomy":"product_tag","embeddable":true,"href":"https:\/\/baldumarket.lt\/lt\/wp-json\/wp\/v2\/product_tag?post=229116"}],"curies":[{"name":"wp","href":"https:\/\/api.w.org\/{rel}","templated":true}]}}