{"id":229062,"date":"2025-12-28T06:39:48","date_gmt":"2025-12-28T03:39:48","guid":{"rendered":"https:\/\/baldumarket.lt\/product\/lozko-pietrowe-dzieciece-mlodziezowe-antresola-eno-p-bialy-blekit\/"},"modified":"2026-02-11T18:36:44","modified_gmt":"2026-02-11T15:36:44","slug":"lozko-pietrowe-dzieciece-mlodziezowe-antresola-eno-p-bialy-blekit","status":"publish","type":"product","link":"https:\/\/baldumarket.lt\/lt\/product\/lozko-pietrowe-dzieciece-mlodziezowe-antresola-eno-p-bialy-blekit\/","title":{"rendered":"Vaiki\u0161ka dviauk\u0161t\u0117 lova jaunimui, antresol\u0117 ENO P, balta, m\u0117lyna"},"content":{"rendered":"<p>ENO P antresol\u0117 be \u010diu\u017einio 80\u00d7200, 16 mm plok\u0161t\u0117, ABS kra\u0161tas, \u0161velnus u\u017edarymas stal\u010diuose ir spintel\u0117se, maksimalus \u010diu\u017einio auk\u0161tis 12 cm, spalva: balta\/m\u0117lyna<\/p>","protected":false},"excerpt":{"rendered":"<p>Plotis [cm]: 206<br \/>\n\u016agis [cm]: 138<br \/>\nGylis [cm]: 120<br \/>\nMiegamasis plotas [cm]: 80 x 200<br \/>\nSvoris [kg]: 198<\/p>","protected":false},"featured_media":229063,"comment_status":"open","ping_status":"open","template":"","meta":[],"product_brand":[],"product_cat":[505,8386],"product_tag":[],"class_list":{"0":"post-229062","1":"product","2":"type-product","3":"status-publish","4":"has-post-thumbnail","6":"product_cat-bedroom-beds","7":"product_cat-meblocross","9":"first","10":"instock","11":"purchasable","12":"product-type-simple"},"_links":{"self":[{"href":"https:\/\/baldumarket.lt\/lt\/wp-json\/wp\/v2\/product\/229062","targetHints":{"allow":["GET"]}}],"collection":[{"href":"https:\/\/baldumarket.lt\/lt\/wp-json\/wp\/v2\/product"}],"about":[{"href":"https:\/\/baldumarket.lt\/lt\/wp-json\/wp\/v2\/types\/product"}],"replies":[{"embeddable":true,"href":"https:\/\/baldumarket.lt\/lt\/wp-json\/wp\/v2\/comments?post=229062"}],"wp:featuredmedia":[{"embeddable":true,"href":"https:\/\/baldumarket.lt\/lt\/wp-json\/wp\/v2\/media\/229063"}],"wp:attachment":[{"href":"https:\/\/baldumarket.lt\/lt\/wp-json\/wp\/v2\/media?parent=229062"}],"wp:term":[{"taxonomy":"product_brand","embeddable":true,"href":"https:\/\/baldumarket.lt\/lt\/wp-json\/wp\/v2\/product_brand?post=229062"},{"taxonomy":"product_cat","embeddable":true,"href":"https:\/\/baldumarket.lt\/lt\/wp-json\/wp\/v2\/product_cat?post=229062"},{"taxonomy":"product_tag","embeddable":true,"href":"https:\/\/baldumarket.lt\/lt\/wp-json\/wp\/v2\/product_tag?post=229062"}],"curies":[{"name":"wp","href":"https:\/\/api.w.org\/{rel}","templated":true}]}}