{"id":229056,"date":"2025-12-28T06:39:36","date_gmt":"2025-12-28T03:39:36","guid":{"rendered":"https:\/\/baldumarket.lt\/product\/lozko-pietrowe-dzieciece-mlodziezowe-antresola-eno-p-dab-craft-bialy-zloty\/"},"modified":"2026-02-11T18:36:44","modified_gmt":"2026-02-11T15:36:44","slug":"lozko-pietrowe-dzieciece-mlodziezowe-antresola-eno-p-dab-craft-bialy-zloty","status":"publish","type":"product","link":"https:\/\/baldumarket.lt\/lt\/product\/lozko-pietrowe-dzieciece-mlodziezowe-antresola-eno-p-dab-craft-bialy-zloty\/","title":{"rendered":"ENO P vaiki\u0161ka arba jaunimo pal\u0117p\u0117s lova, \u0105\u017euolo spalvos, balta\/auksin\u0117"},"content":{"rendered":"<p>ENO P antresol\u0117 be \u010diu\u017einio 80\u00d7200. 16 mm plok\u0161t\u0117, ABS kra\u0161tas, \u0161velnaus u\u017edarymo mechanizmai stal\u010diuose ir spintel\u0117se, maksimalus \u010diu\u017einio auk\u0161tis 12 cm, spalvos: baltas \u0105\u017euolas \/ auksinis \u0105\u017euolas<\/p>","protected":false},"excerpt":{"rendered":"<p>Plotis [cm]: 206<br \/>\n\u016agis [cm]: 138<br \/>\nGylis [cm]: 120<br \/>\nMiegamasis plotas [cm]: 80 x 200<br \/>\nSvoris [kg]: 198<\/p>","protected":false},"featured_media":229057,"comment_status":"open","ping_status":"open","template":"","meta":[],"product_brand":[],"product_cat":[505,8386],"product_tag":[],"class_list":{"0":"post-229056","1":"product","2":"type-product","3":"status-publish","4":"has-post-thumbnail","6":"product_cat-bedroom-beds","7":"product_cat-meblocross","9":"first","10":"instock","11":"purchasable","12":"product-type-simple"},"_links":{"self":[{"href":"https:\/\/baldumarket.lt\/lt\/wp-json\/wp\/v2\/product\/229056","targetHints":{"allow":["GET"]}}],"collection":[{"href":"https:\/\/baldumarket.lt\/lt\/wp-json\/wp\/v2\/product"}],"about":[{"href":"https:\/\/baldumarket.lt\/lt\/wp-json\/wp\/v2\/types\/product"}],"replies":[{"embeddable":true,"href":"https:\/\/baldumarket.lt\/lt\/wp-json\/wp\/v2\/comments?post=229056"}],"wp:featuredmedia":[{"embeddable":true,"href":"https:\/\/baldumarket.lt\/lt\/wp-json\/wp\/v2\/media\/229057"}],"wp:attachment":[{"href":"https:\/\/baldumarket.lt\/lt\/wp-json\/wp\/v2\/media?parent=229056"}],"wp:term":[{"taxonomy":"product_brand","embeddable":true,"href":"https:\/\/baldumarket.lt\/lt\/wp-json\/wp\/v2\/product_brand?post=229056"},{"taxonomy":"product_cat","embeddable":true,"href":"https:\/\/baldumarket.lt\/lt\/wp-json\/wp\/v2\/product_cat?post=229056"},{"taxonomy":"product_tag","embeddable":true,"href":"https:\/\/baldumarket.lt\/lt\/wp-json\/wp\/v2\/product_tag?post=229056"}],"curies":[{"name":"wp","href":"https:\/\/api.w.org\/{rel}","templated":true}]}}