{"id":228937,"date":"2025-12-28T06:34:57","date_gmt":"2025-12-28T03:34:57","guid":{"rendered":"https:\/\/baldumarket.lt\/product\/lozko-pietrowe-z-biurkiem-szafa-narozna-antresola-sola-l-craft-bialy-grafit\/"},"modified":"2026-02-11T18:36:46","modified_gmt":"2026-02-11T15:36:46","slug":"lozko-pietrowe-z-biurkiem-szafa-narozna-antresola-sola-l-craft-bialy-grafit","status":"publish","type":"product","link":"https:\/\/baldumarket.lt\/lt\/product\/lozko-pietrowe-z-biurkiem-szafa-narozna-antresola-sola-l-craft-bialy-grafit\/","title":{"rendered":"Dviauk\u0161t\u0117 lova su stalu, kampin\u0117 spinta, antresol\u0117 SOLA L craft baltas grafitas"},"content":{"rendered":"<p>SOLA L antresol\u0117 be \u010diu\u017einio 80\u00d7200, 16 mm plok\u0161t\u0117, ABS kra\u0161tas, maksimalus \u010diu\u017einio auk\u0161tis 10 cm, spalva: baltas \u0105\u017euolas \/ grafitas<\/p>","protected":false},"excerpt":{"rendered":"<p>Plotis [cm]: 204<br \/>\nAuk\u0161tis [cm]: 190<br \/>\nGylis [cm]: 120<br \/>\nMiegamasis plotas [cm]: 80 x 200<br \/>\nSvoris [kg]: 177<\/p>","protected":false},"featured_media":228938,"comment_status":"open","ping_status":"open","template":"","meta":[],"product_brand":[],"product_cat":[505,8386],"product_tag":[],"class_list":{"0":"post-228937","1":"product","2":"type-product","3":"status-publish","4":"has-post-thumbnail","6":"product_cat-bedroom-beds","7":"product_cat-meblocross","9":"first","10":"instock","11":"purchasable","12":"product-type-simple"},"_links":{"self":[{"href":"https:\/\/baldumarket.lt\/lt\/wp-json\/wp\/v2\/product\/228937","targetHints":{"allow":["GET"]}}],"collection":[{"href":"https:\/\/baldumarket.lt\/lt\/wp-json\/wp\/v2\/product"}],"about":[{"href":"https:\/\/baldumarket.lt\/lt\/wp-json\/wp\/v2\/types\/product"}],"replies":[{"embeddable":true,"href":"https:\/\/baldumarket.lt\/lt\/wp-json\/wp\/v2\/comments?post=228937"}],"wp:featuredmedia":[{"embeddable":true,"href":"https:\/\/baldumarket.lt\/lt\/wp-json\/wp\/v2\/media\/228938"}],"wp:attachment":[{"href":"https:\/\/baldumarket.lt\/lt\/wp-json\/wp\/v2\/media?parent=228937"}],"wp:term":[{"taxonomy":"product_brand","embeddable":true,"href":"https:\/\/baldumarket.lt\/lt\/wp-json\/wp\/v2\/product_brand?post=228937"},{"taxonomy":"product_cat","embeddable":true,"href":"https:\/\/baldumarket.lt\/lt\/wp-json\/wp\/v2\/product_cat?post=228937"},{"taxonomy":"product_tag","embeddable":true,"href":"https:\/\/baldumarket.lt\/lt\/wp-json\/wp\/v2\/product_tag?post=228937"}],"curies":[{"name":"wp","href":"https:\/\/api.w.org\/{rel}","templated":true}]}}