{"id":228842,"date":"2025-12-28T06:31:24","date_gmt":"2025-12-28T03:31:24","guid":{"rendered":"https:\/\/baldumarket.lt\/product\/meble-bip-3-zestaw-pokojowy\/"},"modified":"2026-02-11T18:36:48","modified_gmt":"2026-02-11T15:36:48","slug":"meble-bip-3-zestaw-pokojowy","status":"publish","type":"product","link":"https:\/\/baldumarket.lt\/lt\/product\/meble-bip-3-zestaw-pokojowy\/","title":{"rendered":"BIP bald\u0173 komplektas Nr. 3"},"content":{"rendered":"<p>BIP rinkinys 3<br \/>\nKomplekt\u0105 sudaro: BIP 16 vien\u0173 dur\u0173 sienin\u0117 spintel\u0117 [140\/38\/25] BIP 13 televizoriaus staliukas [160\/50\/39] BIP 12 televizoriaus staliukas [140\/50\/39] 2 x BIP 18 P sienin\u0117 spintel\u0117 [32\/90\/23] BIP 17 1DP sienin\u0117 spintel\u0117 [32\/90\/25] BIP 04 trij\u0173 dur\u0173 komoda [120\/87\/39] BIP 06 dviej\u0173 dur\u0173 kavos staliukas [85\/42\/90]<br \/>\nBaldai pagaminti i\u0161 16 mm storio med\u017eio dro\u017eli\u0173 plok\u0161t\u0117s su ABS kra\u0161tais ir 12 cm metalin\u0117mis kojel\u0117mis. Stal\u010diai ir durys turi \u0161velnaus u\u017edarymo sistem\u0105. Sistemos spalv\u0173 variantai: balta \/ \u0161viesi sonoma, balta \/ blizgi juoda, baltas \u0105\u017euolas \/ grafitas, auksinis \u0105\u017euolas \/ baltas \u0105\u017euolas, juoda \/ blizgi balta, juoda \/ artisan \u0105\u017euolas<\/p>","protected":false},"excerpt":{"rendered":"<p>BIP 3 komplektas Komplekt\u0105 sudaro: BIP 16 vien\u0173 dur\u0173 sienin\u0117 spintel\u0117 [140\/38\/25] BIP 13 televizoriaus staliukas [160\/50\/39] BIP 12 televizoriaus staliukas [140\/50\/39] 2 x BIP 18 P sienin\u0117 spintel\u0117 [32\/90\/23] BIP 17 1DP sienin\u0117 spintel\u0117 [32\/90\/25] BIP 04 trij\u0173 dur\u0173 komoda [120\/87\/39] BIP 06 dviej\u0173 dur\u0173 kavos staliukas [85\/42\/90] Baldai pagaminti i\u0161 16 mm storio [\u2026]<\/p>","protected":false},"featured_media":228843,"comment_status":"open","ping_status":"open","template":"","meta":[],"product_brand":[],"product_cat":[8386,2008],"product_tag":[],"class_list":{"0":"post-228842","1":"product","2":"type-product","3":"status-publish","4":"has-post-thumbnail","6":"product_cat-meblocross","7":"product_cat-wall-units","9":"first","10":"instock","11":"purchasable","12":"product-type-simple"},"_links":{"self":[{"href":"https:\/\/baldumarket.lt\/lt\/wp-json\/wp\/v2\/product\/228842","targetHints":{"allow":["GET"]}}],"collection":[{"href":"https:\/\/baldumarket.lt\/lt\/wp-json\/wp\/v2\/product"}],"about":[{"href":"https:\/\/baldumarket.lt\/lt\/wp-json\/wp\/v2\/types\/product"}],"replies":[{"embeddable":true,"href":"https:\/\/baldumarket.lt\/lt\/wp-json\/wp\/v2\/comments?post=228842"}],"wp:featuredmedia":[{"embeddable":true,"href":"https:\/\/baldumarket.lt\/lt\/wp-json\/wp\/v2\/media\/228843"}],"wp:attachment":[{"href":"https:\/\/baldumarket.lt\/lt\/wp-json\/wp\/v2\/media?parent=228842"}],"wp:term":[{"taxonomy":"product_brand","embeddable":true,"href":"https:\/\/baldumarket.lt\/lt\/wp-json\/wp\/v2\/product_brand?post=228842"},{"taxonomy":"product_cat","embeddable":true,"href":"https:\/\/baldumarket.lt\/lt\/wp-json\/wp\/v2\/product_cat?post=228842"},{"taxonomy":"product_tag","embeddable":true,"href":"https:\/\/baldumarket.lt\/lt\/wp-json\/wp\/v2\/product_tag?post=228842"}],"curies":[{"name":"wp","href":"https:\/\/api.w.org\/{rel}","templated":true}]}}