{"id":228826,"date":"2025-12-28T06:30:45","date_gmt":"2025-12-28T03:30:45","guid":{"rendered":"https:\/\/baldumarket.lt\/product\/meble-bip-5-zestaw-mlodziezowy\/"},"modified":"2026-02-11T18:36:48","modified_gmt":"2026-02-11T15:36:48","slug":"meble-bip-5-zestaw-mlodziezowy","status":"publish","type":"product","link":"https:\/\/baldumarket.lt\/lt\/product\/meble-bip-5-zestaw-mlodziezowy\/","title":{"rendered":"BIP bald\u0173 komplektas Nr. 5 jaunimui"},"content":{"rendered":"<p>BIP rinkinys 5<br \/>\nKomplekt\u0105 sudaro: BIP 10 2 dur\u0173 knyg\u0173 lentyna [60\/170\/39], BIP 01 ra\u0161omasis stalas [120\/75\/46], BIP 07 lentyna [80\/50\/23], BIP 08 2 dur\u0173 lentyna [80\/50\/25], BIP 14 2 dur\u0173 spinta [60\/170\/39], BIP 03 2 dur\u0173 komoda [140\/87\/39]<br \/>\nBaldai pagaminti i\u0161 16 mm storio med\u017eio dro\u017eli\u0173 plok\u0161t\u0117s su ABS kra\u0161tais ir 12 cm metalin\u0117mis kojel\u0117mis. Stal\u010diai ir durel\u0117s turi \u0161velnaus u\u017edarymo funkcij\u0105. Sistemos spalv\u0173 variantai: balta \/ \u0161viesi sonoma, balta \/ blizgi juoda, baltas \u0105\u017euolas \/ grafitas, auksinis \u0105\u017euolas \/ baltas \u0105\u017euolas, juoda \/ blizgi balta, juoda \/ artisan \u0105\u017euolas<\/p>","protected":false},"excerpt":{"rendered":"<p>BIP komplektas 5 Komplekt\u0105 sudaro: BIP 10 2 dur\u0173 knyg\u0173 lentyna [60\/170\/39], BIP 01 ra\u0161omasis stalas [120\/75\/46], BIP 07 lentyna [80\/50\/23], BIP 08 2 dur\u0173 lentyna [80\/50\/25], BIP 14 2 dur\u0173 spinta [60\/170\/39], BIP 03 2 dur\u0173 komoda [140\/87\/39]. Baldas pagamintas i\u0161 16 mm storio med\u017eio dro\u017eli\u0173 plok\u0161t\u0117s su ABS briaunomis ir 12 cm metalin\u0117mis kojel\u0117mis. Stal\u010diai ir durel\u0117s [\u2026]<\/p>","protected":false},"featured_media":228827,"comment_status":"open","ping_status":"open","template":"","meta":[],"product_brand":[],"product_cat":[8386,2008],"product_tag":[],"class_list":{"0":"post-228826","1":"product","2":"type-product","3":"status-publish","4":"has-post-thumbnail","6":"product_cat-meblocross","7":"product_cat-wall-units","9":"first","10":"instock","11":"purchasable","12":"product-type-simple"},"_links":{"self":[{"href":"https:\/\/baldumarket.lt\/lt\/wp-json\/wp\/v2\/product\/228826","targetHints":{"allow":["GET"]}}],"collection":[{"href":"https:\/\/baldumarket.lt\/lt\/wp-json\/wp\/v2\/product"}],"about":[{"href":"https:\/\/baldumarket.lt\/lt\/wp-json\/wp\/v2\/types\/product"}],"replies":[{"embeddable":true,"href":"https:\/\/baldumarket.lt\/lt\/wp-json\/wp\/v2\/comments?post=228826"}],"wp:featuredmedia":[{"embeddable":true,"href":"https:\/\/baldumarket.lt\/lt\/wp-json\/wp\/v2\/media\/228827"}],"wp:attachment":[{"href":"https:\/\/baldumarket.lt\/lt\/wp-json\/wp\/v2\/media?parent=228826"}],"wp:term":[{"taxonomy":"product_brand","embeddable":true,"href":"https:\/\/baldumarket.lt\/lt\/wp-json\/wp\/v2\/product_brand?post=228826"},{"taxonomy":"product_cat","embeddable":true,"href":"https:\/\/baldumarket.lt\/lt\/wp-json\/wp\/v2\/product_cat?post=228826"},{"taxonomy":"product_tag","embeddable":true,"href":"https:\/\/baldumarket.lt\/lt\/wp-json\/wp\/v2\/product_tag?post=228826"}],"curies":[{"name":"wp","href":"https:\/\/api.w.org\/{rel}","templated":true}]}}