{"id":228773,"date":"2025-12-28T06:28:37","date_gmt":"2025-12-28T03:28:37","guid":{"rendered":"https:\/\/baldumarket.lt\/product\/meble-bip-05-lawa\/"},"modified":"2026-02-11T18:36:48","modified_gmt":"2026-02-11T15:36:48","slug":"meble-bip-05-lawa","status":"publish","type":"product","link":"https:\/\/baldumarket.lt\/lt\/product\/meble-bip-05-lawa\/","title":{"rendered":"BIP 05 bald\u0173 suolas"},"content":{"rendered":"<p>BIP 05 kavos staliukas<br \/>\nBaldai pagaminti i\u0161 16 mm storio med\u017eio dro\u017eli\u0173 plok\u0161t\u0117s su ABS kra\u0161tais ir 12 cm metalin\u0117mis kojel\u0117mis. Stal\u010diai ir durys turi \u0161velnaus u\u017edarymo sistem\u0105. Spalv\u0173 variantai: balta \/ \u0161viesi Sonoma, balta \/ blizgi juoda, balta \/ grafito spalvos \u0105\u017euolo spalvos, auksinio spalvos \u0105\u017euolo spalvos \/ balto spalvos \u0105\u017euolo spalvos, juoda \/ blizgi balta, juoda \/ artisan \u0105\u017euolo spalvos<\/p>","protected":false},"excerpt":{"rendered":"<p>Plotis [cm]: 110<br \/>\nAuk\u0161tis [cm]: 46<br \/>\nGylis [cm]: 65<br \/>\nSvoris [kg]: 22<\/p>","protected":false},"featured_media":228774,"comment_status":"open","ping_status":"open","template":"","meta":[],"product_brand":[],"product_cat":[866,8386],"product_tag":[],"class_list":{"0":"post-228773","1":"product","2":"type-product","3":"status-publish","4":"has-post-thumbnail","6":"product_cat-coffee-tables","7":"product_cat-meblocross","9":"first","10":"instock","11":"purchasable","12":"product-type-simple"},"_links":{"self":[{"href":"https:\/\/baldumarket.lt\/lt\/wp-json\/wp\/v2\/product\/228773","targetHints":{"allow":["GET"]}}],"collection":[{"href":"https:\/\/baldumarket.lt\/lt\/wp-json\/wp\/v2\/product"}],"about":[{"href":"https:\/\/baldumarket.lt\/lt\/wp-json\/wp\/v2\/types\/product"}],"replies":[{"embeddable":true,"href":"https:\/\/baldumarket.lt\/lt\/wp-json\/wp\/v2\/comments?post=228773"}],"wp:featuredmedia":[{"embeddable":true,"href":"https:\/\/baldumarket.lt\/lt\/wp-json\/wp\/v2\/media\/228774"}],"wp:attachment":[{"href":"https:\/\/baldumarket.lt\/lt\/wp-json\/wp\/v2\/media?parent=228773"}],"wp:term":[{"taxonomy":"product_brand","embeddable":true,"href":"https:\/\/baldumarket.lt\/lt\/wp-json\/wp\/v2\/product_brand?post=228773"},{"taxonomy":"product_cat","embeddable":true,"href":"https:\/\/baldumarket.lt\/lt\/wp-json\/wp\/v2\/product_cat?post=228773"},{"taxonomy":"product_tag","embeddable":true,"href":"https:\/\/baldumarket.lt\/lt\/wp-json\/wp\/v2\/product_tag?post=228773"}],"curies":[{"name":"wp","href":"https:\/\/api.w.org\/{rel}","templated":true}]}}