{"id":228731,"date":"2025-12-28T06:27:01","date_gmt":"2025-12-28T03:27:01","guid":{"rendered":"https:\/\/baldumarket.lt\/product\/meble-bip-10-regal-2d2s\/"},"modified":"2026-02-11T18:36:49","modified_gmt":"2026-02-11T15:36:49","slug":"meble-bip-10-regal-2d2s","status":"publish","type":"product","link":"https:\/\/baldumarket.lt\/lt\/product\/meble-bip-10-regal-2d2s\/","title":{"rendered":"BIP 10 baldai, 2D2S lentyna"},"content":{"rendered":"<p>BIP 10 2D2S lentyna<br \/>\nBaldai pagaminti i\u0161 16 mm storio med\u017eio dro\u017eli\u0173 plok\u0161t\u0117s su ABS kra\u0161tais ir 12 cm metalin\u0117mis kojel\u0117mis. Stal\u010diai ir durel\u0117s turi \u0161velnaus u\u017edarymo sistem\u0105.<br \/>\nSpalv\u0173 variantai: balta \/ \u0161viesi sonoma, balta \/ blizgi juoda, balta \/ grafito spalvos \u0105\u017euolas, auksinis \u0105\u017euolas \/ baltas \u0105\u017euolas, juoda \/ blizgi balta, juoda \/ artisan \u0105\u017euolas<\/p>","protected":false},"excerpt":{"rendered":"<p>Plotis [cm]: 60<br \/>\nAuk\u0161tis [cm]: 170<br \/>\nGylis [cm]: 39<br \/>\nSvoris [kg]: 51<\/p>","protected":false},"featured_media":228732,"comment_status":"open","ping_status":"open","template":"","meta":[],"product_brand":[],"product_cat":[8386,1987],"product_tag":[],"class_list":{"0":"post-228731","1":"product","2":"type-product","3":"status-publish","4":"has-post-thumbnail","6":"product_cat-meblocross","7":"product_cat-shelving-units","9":"first","10":"instock","11":"purchasable","12":"product-type-simple"},"_links":{"self":[{"href":"https:\/\/baldumarket.lt\/lt\/wp-json\/wp\/v2\/product\/228731","targetHints":{"allow":["GET"]}}],"collection":[{"href":"https:\/\/baldumarket.lt\/lt\/wp-json\/wp\/v2\/product"}],"about":[{"href":"https:\/\/baldumarket.lt\/lt\/wp-json\/wp\/v2\/types\/product"}],"replies":[{"embeddable":true,"href":"https:\/\/baldumarket.lt\/lt\/wp-json\/wp\/v2\/comments?post=228731"}],"wp:featuredmedia":[{"embeddable":true,"href":"https:\/\/baldumarket.lt\/lt\/wp-json\/wp\/v2\/media\/228732"}],"wp:attachment":[{"href":"https:\/\/baldumarket.lt\/lt\/wp-json\/wp\/v2\/media?parent=228731"}],"wp:term":[{"taxonomy":"product_brand","embeddable":true,"href":"https:\/\/baldumarket.lt\/lt\/wp-json\/wp\/v2\/product_brand?post=228731"},{"taxonomy":"product_cat","embeddable":true,"href":"https:\/\/baldumarket.lt\/lt\/wp-json\/wp\/v2\/product_cat?post=228731"},{"taxonomy":"product_tag","embeddable":true,"href":"https:\/\/baldumarket.lt\/lt\/wp-json\/wp\/v2\/product_tag?post=228731"}],"curies":[{"name":"wp","href":"https:\/\/api.w.org\/{rel}","templated":true}]}}