{"id":228686,"date":"2025-12-28T06:25:24","date_gmt":"2025-12-28T03:25:24","guid":{"rendered":"https:\/\/baldumarket.lt\/product\/meble-bip-15-szafka-na-buty\/"},"modified":"2026-02-11T18:36:49","modified_gmt":"2026-02-11T15:36:49","slug":"meble-bip-15-szafka-na-buty","status":"publish","type":"product","link":"https:\/\/baldumarket.lt\/lt\/product\/meble-bip-15-szafka-na-buty\/","title":{"rendered":"BIP 15 bald\u0173 bat\u0173 spintel\u0117"},"content":{"rendered":"<p>BIP 15 2D bat\u0173 spintel\u0117<br \/>\nBaldai pagaminti i\u0161 16 mm storio med\u017eio dro\u017eli\u0173 plok\u0161t\u0117s su ABS kra\u0161tais ir 12 cm metalin\u0117mis kojel\u0117mis. Stal\u010diai ir durel\u0117s turi \u0161velnaus u\u017edarymo sistem\u0105.<br \/>\nSpalv\u0173 variantai: balta \/ \u0161viesi Sonoma, balta \/ blizgi juoda, balta \/ grafito spalvos \u0105\u017euolas, auksinis \u0105\u017euolas \/ baltas \u0105\u017euolas, juoda \/ blizgi balta, juoda \/ artisan \u0105\u017euolas<\/p>","protected":false},"excerpt":{"rendered":"<p>Plotis [cm]: 100<br \/>\nAuk\u0161tis [cm]: 48<br \/>\nGylis [cm]: 39<br \/>\nSvoris [kg]: 25<\/p>","protected":false},"featured_media":228687,"comment_status":"open","ping_status":"open","template":"","meta":[],"product_brand":[],"product_cat":[8386,1997],"product_tag":[],"class_list":{"0":"post-228686","1":"product","2":"type-product","3":"status-publish","4":"has-post-thumbnail","6":"product_cat-meblocross","7":"product_cat-shoe-cabinets","9":"first","10":"instock","11":"purchasable","12":"product-type-simple"},"_links":{"self":[{"href":"https:\/\/baldumarket.lt\/lt\/wp-json\/wp\/v2\/product\/228686","targetHints":{"allow":["GET"]}}],"collection":[{"href":"https:\/\/baldumarket.lt\/lt\/wp-json\/wp\/v2\/product"}],"about":[{"href":"https:\/\/baldumarket.lt\/lt\/wp-json\/wp\/v2\/types\/product"}],"replies":[{"embeddable":true,"href":"https:\/\/baldumarket.lt\/lt\/wp-json\/wp\/v2\/comments?post=228686"}],"wp:featuredmedia":[{"embeddable":true,"href":"https:\/\/baldumarket.lt\/lt\/wp-json\/wp\/v2\/media\/228687"}],"wp:attachment":[{"href":"https:\/\/baldumarket.lt\/lt\/wp-json\/wp\/v2\/media?parent=228686"}],"wp:term":[{"taxonomy":"product_brand","embeddable":true,"href":"https:\/\/baldumarket.lt\/lt\/wp-json\/wp\/v2\/product_brand?post=228686"},{"taxonomy":"product_cat","embeddable":true,"href":"https:\/\/baldumarket.lt\/lt\/wp-json\/wp\/v2\/product_cat?post=228686"},{"taxonomy":"product_tag","embeddable":true,"href":"https:\/\/baldumarket.lt\/lt\/wp-json\/wp\/v2\/product_tag?post=228686"}],"curies":[{"name":"wp","href":"https:\/\/api.w.org\/{rel}","templated":true}]}}