{"id":228668,"date":"2025-12-28T06:24:44","date_gmt":"2025-12-28T03:24:44","guid":{"rendered":"https:\/\/baldumarket.lt\/product\/meble-bip-17-szafka-wiszaca-1dp\/"},"modified":"2026-02-11T18:36:49","modified_gmt":"2026-02-11T15:36:49","slug":"meble-bip-17-szafka-wiszaca-1dp","status":"publish","type":"product","link":"https:\/\/baldumarket.lt\/lt\/product\/meble-bip-17-szafka-wiszaca-1dp\/","title":{"rendered":"BIP 17 baldai, 1DP pakabinama spintel\u0117"},"content":{"rendered":"<p>BIP 17 1DP pakabinama spintel\u0117<br \/>\nBaldai pagaminti i\u0161 16 mm storio med\u017eio dro\u017eli\u0173 plok\u0161t\u0117s su ABS kra\u0161tais ir 12 cm metalin\u0117mis kojel\u0117mis. Stal\u010diai ir durel\u0117s turi \u0161velnaus u\u017edarymo sistem\u0105.<br \/>\nSpalv\u0173 variantai: balta \/ \u0161viesi sonoma, balta \/ blizgi juoda, \u0105\u017euolo balta \/ grafito spalvos, auksinio \u0105\u017euolo \/ \u0105\u017euolo balta spalva, juoda \/ blizgi balta spalva, juoda \/ \u0105\u017euolo su dirbtiniu blizgesiu<\/p>","protected":false},"excerpt":{"rendered":"<p>Plotis [cm]: 32<br \/>\nAuk\u0161tis [cm]: 90<br \/>\nGylis [cm]: 25<br \/>\nSvoris [kg]: 11<\/p>","protected":false},"featured_media":228669,"comment_status":"open","ping_status":"open","template":"","meta":[],"product_brand":[],"product_cat":[1174,8386],"product_tag":[],"class_list":{"0":"post-228668","1":"product","2":"type-product","3":"status-publish","4":"has-post-thumbnail","6":"product_cat-hanging-shelves","7":"product_cat-meblocross","9":"first","10":"instock","11":"purchasable","12":"product-type-simple"},"_links":{"self":[{"href":"https:\/\/baldumarket.lt\/lt\/wp-json\/wp\/v2\/product\/228668","targetHints":{"allow":["GET"]}}],"collection":[{"href":"https:\/\/baldumarket.lt\/lt\/wp-json\/wp\/v2\/product"}],"about":[{"href":"https:\/\/baldumarket.lt\/lt\/wp-json\/wp\/v2\/types\/product"}],"replies":[{"embeddable":true,"href":"https:\/\/baldumarket.lt\/lt\/wp-json\/wp\/v2\/comments?post=228668"}],"wp:featuredmedia":[{"embeddable":true,"href":"https:\/\/baldumarket.lt\/lt\/wp-json\/wp\/v2\/media\/228669"}],"wp:attachment":[{"href":"https:\/\/baldumarket.lt\/lt\/wp-json\/wp\/v2\/media?parent=228668"}],"wp:term":[{"taxonomy":"product_brand","embeddable":true,"href":"https:\/\/baldumarket.lt\/lt\/wp-json\/wp\/v2\/product_brand?post=228668"},{"taxonomy":"product_cat","embeddable":true,"href":"https:\/\/baldumarket.lt\/lt\/wp-json\/wp\/v2\/product_cat?post=228668"},{"taxonomy":"product_tag","embeddable":true,"href":"https:\/\/baldumarket.lt\/lt\/wp-json\/wp\/v2\/product_tag?post=228668"}],"curies":[{"name":"wp","href":"https:\/\/api.w.org\/{rel}","templated":true}]}}