{"id":228645,"date":"2025-12-28T06:24:00","date_gmt":"2025-12-28T03:24:00","guid":{"rendered":"https:\/\/baldumarket.lt\/product\/meble-brita-1-pokojowe-regal-szafka-rtv-polka-dab-artisan-bialy-polysk\/"},"modified":"2026-02-11T18:36:50","modified_gmt":"2026-02-11T15:36:50","slug":"meble-brita-1-pokojowe-regal-szafka-rtv-polka-dab-artisan-bialy-polysk","status":"publish","type":"product","link":"https:\/\/baldumarket.lt\/lt\/product\/meble-brita-1-pokojowe-regal-szafka-rtv-polka-dab-artisan-bialy-polysk\/","title":{"rendered":"BRITA #1 svetain\u0117s baldai, knyg\u0173 lentyna, televizoriaus spintel\u0117, lentyna, \u0105\u017euolas \u201eartisan\u201c, balta blizgi spalva"},"content":{"rendered":"<p>BRITA 1 rinkinys<br \/>\nKomplekt\u0105 sudaro: BRITA 18 lentyna 60\/191\/40 \u2013 61 kg \u2013 2 vnt.; BRITA 15 sienin\u0117 lentyna 120\/38\/25 \u2013 17 kg \u2013 2 vnt.; BRITA 20 televizoriaus stovas 120\/49\/40 \u2013 37 kg \u2013 1 vnt.; BRITA 17 lentyna 90\/147\/40 \u2013 65 kg \u2013 2 vnt.<br \/>\nBaldai pagaminti i\u0161 16 mm ir 25 mm storio med\u017eio dro\u017eli\u0173 plok\u0161t\u0117s su ABS kra\u0161tais. Stal\u010diai ir durel\u0117s atidaromi spustel\u0117jus. Pjedestalas yra 8,5 cm auk\u0161\u010dio.<br \/>\nSpalvos: Artisan Oak \/ White \/ Glossy White<\/p>","protected":false},"excerpt":{"rendered":"<p>Svoris [kg]: 180<br \/>\nSpalvos: balta, dirbtinio \u0105\u017euolo<\/p>","protected":false},"featured_media":228646,"comment_status":"open","ping_status":"open","template":"","meta":[],"product_brand":[],"product_cat":[8386,2008],"product_tag":[],"class_list":{"0":"post-228645","1":"product","2":"type-product","3":"status-publish","4":"has-post-thumbnail","6":"product_cat-meblocross","7":"product_cat-wall-units","9":"first","10":"instock","11":"purchasable","12":"product-type-simple"},"_links":{"self":[{"href":"https:\/\/baldumarket.lt\/lt\/wp-json\/wp\/v2\/product\/228645","targetHints":{"allow":["GET"]}}],"collection":[{"href":"https:\/\/baldumarket.lt\/lt\/wp-json\/wp\/v2\/product"}],"about":[{"href":"https:\/\/baldumarket.lt\/lt\/wp-json\/wp\/v2\/types\/product"}],"replies":[{"embeddable":true,"href":"https:\/\/baldumarket.lt\/lt\/wp-json\/wp\/v2\/comments?post=228645"}],"wp:featuredmedia":[{"embeddable":true,"href":"https:\/\/baldumarket.lt\/lt\/wp-json\/wp\/v2\/media\/228646"}],"wp:attachment":[{"href":"https:\/\/baldumarket.lt\/lt\/wp-json\/wp\/v2\/media?parent=228645"}],"wp:term":[{"taxonomy":"product_brand","embeddable":true,"href":"https:\/\/baldumarket.lt\/lt\/wp-json\/wp\/v2\/product_brand?post=228645"},{"taxonomy":"product_cat","embeddable":true,"href":"https:\/\/baldumarket.lt\/lt\/wp-json\/wp\/v2\/product_cat?post=228645"},{"taxonomy":"product_tag","embeddable":true,"href":"https:\/\/baldumarket.lt\/lt\/wp-json\/wp\/v2\/product_tag?post=228645"}],"curies":[{"name":"wp","href":"https:\/\/api.w.org\/{rel}","templated":true}]}}