{"id":228605,"date":"2025-12-28T06:22:42","date_gmt":"2025-12-28T03:22:42","guid":{"rendered":"https:\/\/baldumarket.lt\/product\/meble-brita-2-szafa-szafka-rtv-polka-regal-dab-sonoma-bialy-polysk\/"},"modified":"2026-02-11T18:36:51","modified_gmt":"2026-02-11T15:36:51","slug":"meble-brita-2-szafa-szafka-rtv-polka-regal-dab-sonoma-bialy-polysk","status":"publish","type":"product","link":"https:\/\/baldumarket.lt\/lt\/product\/meble-brita-2-szafa-szafka-rtv-polka-regal-dab-sonoma-bialy-polysk\/","title":{"rendered":"BRITA baldai #2 spinta TV spintel\u0117 lentyna knyg\u0173 lentyna Sonoma \u0105\u017euolas baltas blizgus"},"content":{"rendered":"<p>BRITA 2 rinkinys<br \/>\nKomplekt\u0105 sudaro: BRITA 19 2 dur\u0173 1S lentyn\u0173 blokas 60\/191\/40 \u2013 57 kg \u2013 2 vnt.; BRITA 21 1 dur\u0173 2S televizoriaus staliukas 160\/49\/40 \u2013 50 kg \u2013 1 vnt.; BRITA 23 2 dur\u0173 drabu\u017ei\u0173 spinta 90\/191\/60 \u2013 91 kg \u2013 3 vnt.; BRITA 25 2 dur\u0173 sienin\u0117 spintel\u0117 160\/38\/25 \u2013 23 kg \u2013 1 vnt. Baldai pagaminti i\u0161 16 mm ir 25 mm storio med\u017eio dro\u017eli\u0173 plok\u0161t\u0117s su ABS kra\u0161tais. Stal\u010diai ir durys atidaromi paspaudus. Stovelio auk\u0161tis 8,5 cm. Spalvos: Sonoma \u0105\u017euolas \/ balta \/ blizgi balta.<\/p>","protected":false},"excerpt":{"rendered":"<p>Spintos dydis: 2 durys<br \/>\nSvoris [kg]: 221<br \/>\nSpalvos: balta, Sonoma \u0105\u017euolas<\/p>","protected":false},"featured_media":228606,"comment_status":"open","ping_status":"open","template":"","meta":[],"product_brand":[],"product_cat":[8386,2008],"product_tag":[],"class_list":{"0":"post-228605","1":"product","2":"type-product","3":"status-publish","4":"has-post-thumbnail","6":"product_cat-meblocross","7":"product_cat-wall-units","9":"first","10":"instock","11":"purchasable","12":"product-type-simple"},"_links":{"self":[{"href":"https:\/\/baldumarket.lt\/lt\/wp-json\/wp\/v2\/product\/228605","targetHints":{"allow":["GET"]}}],"collection":[{"href":"https:\/\/baldumarket.lt\/lt\/wp-json\/wp\/v2\/product"}],"about":[{"href":"https:\/\/baldumarket.lt\/lt\/wp-json\/wp\/v2\/types\/product"}],"replies":[{"embeddable":true,"href":"https:\/\/baldumarket.lt\/lt\/wp-json\/wp\/v2\/comments?post=228605"}],"wp:featuredmedia":[{"embeddable":true,"href":"https:\/\/baldumarket.lt\/lt\/wp-json\/wp\/v2\/media\/228606"}],"wp:attachment":[{"href":"https:\/\/baldumarket.lt\/lt\/wp-json\/wp\/v2\/media?parent=228605"}],"wp:term":[{"taxonomy":"product_brand","embeddable":true,"href":"https:\/\/baldumarket.lt\/lt\/wp-json\/wp\/v2\/product_brand?post=228605"},{"taxonomy":"product_cat","embeddable":true,"href":"https:\/\/baldumarket.lt\/lt\/wp-json\/wp\/v2\/product_cat?post=228605"},{"taxonomy":"product_tag","embeddable":true,"href":"https:\/\/baldumarket.lt\/lt\/wp-json\/wp\/v2\/product_tag?post=228605"}],"curies":[{"name":"wp","href":"https:\/\/api.w.org\/{rel}","templated":true}]}}