{"id":228585,"date":"2025-12-28T06:21:43","date_gmt":"2025-12-28T03:21:43","guid":{"rendered":"https:\/\/baldumarket.lt\/product\/meble-brita-3-mebloscianka-regal-szafka-rtv-polka-dab-grange-bialy-polysk\/"},"modified":"2026-02-11T18:36:51","modified_gmt":"2026-02-11T15:36:51","slug":"meble-brita-3-mebloscianka-regal-szafka-rtv-polka-dab-grange-bialy-polysk","status":"publish","type":"product","link":"https:\/\/baldumarket.lt\/lt\/product\/meble-brita-3-mebloscianka-regal-szafka-rtv-polka-dab-grange-bialy-polysk\/","title":{"rendered":"BRITA baldai #3 sienin\u0117 spintel\u0117, knyg\u0173 lentyna, TV spintel\u0117, lentyna, Grange \u0105\u017euolas, balta blizgi spalva"},"content":{"rendered":"<p>BRITA 3 rinkinys<br \/>\nKomplekt\u0105 sudaro: BRITA 01 1D 60\/191\/40 \u2013 54kg \u2013 2vnt. BRITA 13 D 160\/38\/25 lentyna \u2013 20kg \u2013 1vnt. BRITA 18 1D3S 60\/191\/40 lentyna \u2013 61kg \u2013 2vnt. BRITA 21 1D2S TV spintel\u0117 160\/49\/40 \u2013 50kg \u2013 1vnt. Baldai pagaminti i\u0161 16 mm ir 25 mm storio med\u017eio dro\u017eli\u0173 plok\u0161t\u0117s su ABS kra\u0161tais. Stal\u010diai ir durel\u0117s atidaromi spustel\u0117jus. Stovelio auk\u0161tis 8,5 cm. Spalvos: \u0105\u017euolo imitacija \/ balta \/ blizgi balta.<\/p>","protected":false},"excerpt":{"rendered":"<p>Svoris [kg]: 185<br \/>\nSpalvos: balta, granido \u0105\u017euolas<\/p>","protected":false},"featured_media":228586,"comment_status":"open","ping_status":"open","template":"","meta":[],"product_brand":[],"product_cat":[8386,2008],"product_tag":[],"class_list":{"0":"post-228585","1":"product","2":"type-product","3":"status-publish","4":"has-post-thumbnail","6":"product_cat-meblocross","7":"product_cat-wall-units","9":"first","10":"instock","11":"purchasable","12":"product-type-simple"},"_links":{"self":[{"href":"https:\/\/baldumarket.lt\/lt\/wp-json\/wp\/v2\/product\/228585","targetHints":{"allow":["GET"]}}],"collection":[{"href":"https:\/\/baldumarket.lt\/lt\/wp-json\/wp\/v2\/product"}],"about":[{"href":"https:\/\/baldumarket.lt\/lt\/wp-json\/wp\/v2\/types\/product"}],"replies":[{"embeddable":true,"href":"https:\/\/baldumarket.lt\/lt\/wp-json\/wp\/v2\/comments?post=228585"}],"wp:featuredmedia":[{"embeddable":true,"href":"https:\/\/baldumarket.lt\/lt\/wp-json\/wp\/v2\/media\/228586"}],"wp:attachment":[{"href":"https:\/\/baldumarket.lt\/lt\/wp-json\/wp\/v2\/media?parent=228585"}],"wp:term":[{"taxonomy":"product_brand","embeddable":true,"href":"https:\/\/baldumarket.lt\/lt\/wp-json\/wp\/v2\/product_brand?post=228585"},{"taxonomy":"product_cat","embeddable":true,"href":"https:\/\/baldumarket.lt\/lt\/wp-json\/wp\/v2\/product_cat?post=228585"},{"taxonomy":"product_tag","embeddable":true,"href":"https:\/\/baldumarket.lt\/lt\/wp-json\/wp\/v2\/product_tag?post=228585"}],"curies":[{"name":"wp","href":"https:\/\/api.w.org\/{rel}","templated":true}]}}