{"id":228556,"date":"2025-12-28T06:20:25","date_gmt":"2025-12-28T03:20:25","guid":{"rendered":"https:\/\/baldumarket.lt\/product\/meble-brita-4-pokojowe-regal-komoda-szafa-polka-dab-grange-bialy-polysk\/"},"modified":"2026-02-11T18:36:51","modified_gmt":"2026-02-11T15:36:51","slug":"meble-brita-4-pokojowe-regal-komoda-szafa-polka-dab-grange-bialy-polysk","status":"publish","type":"product","link":"https:\/\/baldumarket.lt\/lt\/product\/meble-brita-4-pokojowe-regal-komoda-szafa-polka-dab-grange-bialy-polysk\/","title":{"rendered":"BRITA baldai #4 kambari\u0173 knyg\u0173 lentyna komoda drabu\u017ei\u0173 spinta lentyna \u0105\u017euolas grage baltas blizgus"},"content":{"rendered":"<p>BRITA rinkinys, 4 vnt.<br \/>\nKomplekt\u0105 sudaro: BRITA 05 2 dur\u0173 komoda 120\/89\/40 \u2013 48 kg \u2013 2 vnt.; BRITA 17 1 dur\u0173 lentyn\u0173 blokas 2S 90\/147\/40 \u2013 65 kg \u2013 2 vnt.; BRITA 23 2 dur\u0173 spinta 90\/191\/60 \u2013 91 kg \u2013 3 vnt.; BRITA 24 1 dur\u0173 sienin\u0117 spintel\u0117 120\/38\/25 \u2013 17 kg \u2013 1 vnt. Baldai pagaminti i\u0161 16 mm ir 25 mm storio med\u017eio dro\u017eli\u0173 plok\u0161t\u0117s su ABS kra\u0161tais. Stal\u010diai ir durel\u0117s atidaromi paspaudus. Pjedestalas yra 8,5 cm auk\u0161\u010dio. Spalvos: Grange Oak \/ White \/ Glass White<\/p>","protected":false},"excerpt":{"rendered":"<p>Svoris [kg]: 221<br \/>\nSpalvos: balta, granido \u0105\u017euolas<\/p>","protected":false},"featured_media":228557,"comment_status":"open","ping_status":"open","template":"","meta":[],"product_brand":[],"product_cat":[8386,2008],"product_tag":[],"class_list":{"0":"post-228556","1":"product","2":"type-product","3":"status-publish","4":"has-post-thumbnail","6":"product_cat-meblocross","7":"product_cat-wall-units","9":"first","10":"instock","11":"purchasable","12":"product-type-simple"},"_links":{"self":[{"href":"https:\/\/baldumarket.lt\/lt\/wp-json\/wp\/v2\/product\/228556","targetHints":{"allow":["GET"]}}],"collection":[{"href":"https:\/\/baldumarket.lt\/lt\/wp-json\/wp\/v2\/product"}],"about":[{"href":"https:\/\/baldumarket.lt\/lt\/wp-json\/wp\/v2\/types\/product"}],"replies":[{"embeddable":true,"href":"https:\/\/baldumarket.lt\/lt\/wp-json\/wp\/v2\/comments?post=228556"}],"wp:featuredmedia":[{"embeddable":true,"href":"https:\/\/baldumarket.lt\/lt\/wp-json\/wp\/v2\/media\/228557"}],"wp:attachment":[{"href":"https:\/\/baldumarket.lt\/lt\/wp-json\/wp\/v2\/media?parent=228556"}],"wp:term":[{"taxonomy":"product_brand","embeddable":true,"href":"https:\/\/baldumarket.lt\/lt\/wp-json\/wp\/v2\/product_brand?post=228556"},{"taxonomy":"product_cat","embeddable":true,"href":"https:\/\/baldumarket.lt\/lt\/wp-json\/wp\/v2\/product_cat?post=228556"},{"taxonomy":"product_tag","embeddable":true,"href":"https:\/\/baldumarket.lt\/lt\/wp-json\/wp\/v2\/product_tag?post=228556"}],"curies":[{"name":"wp","href":"https:\/\/api.w.org\/{rel}","templated":true}]}}