{"id":228515,"date":"2025-12-28T06:18:47","date_gmt":"2025-12-28T03:18:47","guid":{"rendered":"https:\/\/baldumarket.lt\/product\/meble-brita-5-przedpokoj-z-lustrem-szafka-z-siedziskiem-dab-sonoma-bialy-p\/"},"modified":"2026-02-11T18:36:52","modified_gmt":"2026-02-11T15:36:52","slug":"meble-brita-5-przedpokoj-z-lustrem-szafka-z-siedziskiem-dab-sonoma-bialy-p","status":"publish","type":"product","link":"https:\/\/baldumarket.lt\/lt\/product\/meble-brita-5-przedpokoj-z-lustrem-szafka-z-siedziskiem-dab-sonoma-bialy-p\/","title":{"rendered":"BRITA baldai #5 prie\u0161kambaris su veidrod\u017eiu, spintel\u0117 su s\u0117dyne, Sonoma \u0105\u017euolas, balta"},"content":{"rendered":"<p>BRITA 7 rinkinys<br \/>\nKomplekt\u0105 sudaro: BRITA 02 spintel\u0117 su s\u0117dyne 120\/48\/40 \u2013 39 kg \u2013 2 vnt. BRITA 26 kabykla su veidrod\u017eiu 120\/110\/12 \u2013 25 kg \u2013 1 vnt.<br \/>\nBaldai pagaminti i\u0161 16 mm ir 25 mm storio med\u017eio dro\u017eli\u0173 plok\u0161t\u0117s su ABS kra\u0161tais. Durys turi atidarymo mechanizm\u0105 paspaudimu. Pjedestalas yra 8,5 cm auk\u0161\u010dio.<br \/>\nSpalvos: Sonoma \u0105\u017euolas \/ balta \/ blizgi balta \/ ekologi\u0161ka juoda<\/p>","protected":false},"excerpt":{"rendered":"<p>Plotis [cm]: 120<br \/>\n\u016agis [cm]: 191<br \/>\nGylis [cm]: 40<br \/>\nSvoris [kg]: 64<br \/>\nSpalvos: balta, Sonoma \u0105\u017euolas<\/p>","protected":false},"featured_media":228516,"comment_status":"open","ping_status":"open","template":"","meta":[],"product_brand":[],"product_cat":[8386,1177],"product_tag":[],"class_list":{"0":"post-228515","1":"product","2":"type-product","3":"status-publish","4":"has-post-thumbnail","6":"product_cat-meblocross","7":"product_cat-wardrobes","9":"first","10":"instock","11":"purchasable","12":"product-type-simple"},"_links":{"self":[{"href":"https:\/\/baldumarket.lt\/lt\/wp-json\/wp\/v2\/product\/228515","targetHints":{"allow":["GET"]}}],"collection":[{"href":"https:\/\/baldumarket.lt\/lt\/wp-json\/wp\/v2\/product"}],"about":[{"href":"https:\/\/baldumarket.lt\/lt\/wp-json\/wp\/v2\/types\/product"}],"replies":[{"embeddable":true,"href":"https:\/\/baldumarket.lt\/lt\/wp-json\/wp\/v2\/comments?post=228515"}],"wp:featuredmedia":[{"embeddable":true,"href":"https:\/\/baldumarket.lt\/lt\/wp-json\/wp\/v2\/media\/228516"}],"wp:attachment":[{"href":"https:\/\/baldumarket.lt\/lt\/wp-json\/wp\/v2\/media?parent=228515"}],"wp:term":[{"taxonomy":"product_brand","embeddable":true,"href":"https:\/\/baldumarket.lt\/lt\/wp-json\/wp\/v2\/product_brand?post=228515"},{"taxonomy":"product_cat","embeddable":true,"href":"https:\/\/baldumarket.lt\/lt\/wp-json\/wp\/v2\/product_cat?post=228515"},{"taxonomy":"product_tag","embeddable":true,"href":"https:\/\/baldumarket.lt\/lt\/wp-json\/wp\/v2\/product_tag?post=228515"}],"curies":[{"name":"wp","href":"https:\/\/api.w.org\/{rel}","templated":true}]}}