{"id":228465,"date":"2025-12-28T06:17:04","date_gmt":"2025-12-28T03:17:04","guid":{"rendered":"https:\/\/baldumarket.lt\/product\/meble-brita-02-szafka-z-siedziskiem-do-przedpokoju-dab-grange-bialy-polysk\/"},"modified":"2026-02-11T18:36:52","modified_gmt":"2026-02-11T15:36:52","slug":"meble-brita-02-szafka-z-siedziskiem-do-przedpokoju-dab-grange-bialy-polysk","status":"publish","type":"product","link":"https:\/\/baldumarket.lt\/lt\/product\/meble-brita-02-szafka-z-siedziskiem-do-przedpokoju-dab-grange-bialy-polysk\/","title":{"rendered":"BRITA 02 prie\u0161kambario spintel\u0117 su s\u0117dyne, Grange \u0105\u017euolas, balta blizgi"},"content":{"rendered":"<p>BRITA 02 3D sofa su s\u0117dyne, ekologi\u0161ka juoda<br \/>\nBaldai pagaminti i\u0161 16 mm ir 25 mm storio med\u017eio dro\u017eli\u0173 plok\u0161t\u0117s su ABS kra\u0161tais. Durys turi atidarymo mechanizm\u0105 paspaudimu. Pjedestalas yra 8,5 cm auk\u0161\u010dio.<br \/>\nSpalvos: Grange \u0105\u017euolas \/ Balta \/ Blizgi balta \/ Eko juoda<\/p>","protected":false},"excerpt":{"rendered":"<p>Plotis [cm]: 120<br \/>\nAuk\u0161tis [cm]: 48<br \/>\nGylis [cm]: 40<br \/>\nSvoris [kg]: 39<br \/>\nSpalvos: balta, granido \u0105\u017euolas<\/p>","protected":false},"featured_media":228466,"comment_status":"open","ping_status":"open","template":"","meta":[],"product_brand":[],"product_cat":[8386,1997],"product_tag":[],"class_list":{"0":"post-228465","1":"product","2":"type-product","3":"status-publish","4":"has-post-thumbnail","6":"product_cat-meblocross","7":"product_cat-shoe-cabinets","9":"first","10":"instock","11":"purchasable","12":"product-type-simple"},"_links":{"self":[{"href":"https:\/\/baldumarket.lt\/lt\/wp-json\/wp\/v2\/product\/228465","targetHints":{"allow":["GET"]}}],"collection":[{"href":"https:\/\/baldumarket.lt\/lt\/wp-json\/wp\/v2\/product"}],"about":[{"href":"https:\/\/baldumarket.lt\/lt\/wp-json\/wp\/v2\/types\/product"}],"replies":[{"embeddable":true,"href":"https:\/\/baldumarket.lt\/lt\/wp-json\/wp\/v2\/comments?post=228465"}],"wp:featuredmedia":[{"embeddable":true,"href":"https:\/\/baldumarket.lt\/lt\/wp-json\/wp\/v2\/media\/228466"}],"wp:attachment":[{"href":"https:\/\/baldumarket.lt\/lt\/wp-json\/wp\/v2\/media?parent=228465"}],"wp:term":[{"taxonomy":"product_brand","embeddable":true,"href":"https:\/\/baldumarket.lt\/lt\/wp-json\/wp\/v2\/product_brand?post=228465"},{"taxonomy":"product_cat","embeddable":true,"href":"https:\/\/baldumarket.lt\/lt\/wp-json\/wp\/v2\/product_cat?post=228465"},{"taxonomy":"product_tag","embeddable":true,"href":"https:\/\/baldumarket.lt\/lt\/wp-json\/wp\/v2\/product_tag?post=228465"}],"curies":[{"name":"wp","href":"https:\/\/api.w.org\/{rel}","templated":true}]}}