{"id":228457,"date":"2025-12-28T06:16:51","date_gmt":"2025-12-28T03:16:51","guid":{"rendered":"https:\/\/baldumarket.lt\/product\/meble-brita-03-komoda-z-szufladami-drzwiami-polka-czarny-bialy-polysk\/"},"modified":"2026-02-11T18:36:52","modified_gmt":"2026-02-11T15:36:52","slug":"meble-brita-03-komoda-z-szufladami-drzwiami-polka-czarny-bialy-polysk","status":"publish","type":"product","link":"https:\/\/baldumarket.lt\/lt\/product\/meble-brita-03-komoda-z-szufladami-drzwiami-polka-czarny-bialy-polysk\/","title":{"rendered":"BRITA 03 bald\u0173 komoda su durel\u0117mis ir lentyna, juodai balta blizgi"},"content":{"rendered":"<p>BRITA 03 komoda su stal\u010diais 1D2S<br \/>\nBaldai pagaminti i\u0161 16 mm ir 25 mm storio med\u017eio dro\u017eli\u0173 plok\u0161t\u0117s su ABS kra\u0161tais. Stal\u010diai ir durel\u0117s atidaromi spustel\u0117jus. Pjedestalas yra 8,5 cm auk\u0161\u010dio.<br \/>\nSpalvos: juoda \/ balta \/ blizgi balta<\/p>","protected":false},"excerpt":{"rendered":"<p>Plotis [cm]: 120<br \/>\nAuk\u0161tis [cm]: 89<br \/>\nGylis [cm]: 40<br \/>\nSvoris [kg]: 52<br \/>\nSpalvos: balta, juoda<\/p>","protected":false},"featured_media":228458,"comment_status":"open","ping_status":"open","template":"","meta":[],"product_brand":[],"product_cat":[1173,8386],"product_tag":[],"class_list":{"0":"post-228457","1":"product","2":"type-product","3":"status-publish","4":"has-post-thumbnail","6":"product_cat-chests-of-drawers","7":"product_cat-meblocross","9":"first","10":"instock","11":"purchasable","12":"product-type-simple"},"_links":{"self":[{"href":"https:\/\/baldumarket.lt\/lt\/wp-json\/wp\/v2\/product\/228457","targetHints":{"allow":["GET"]}}],"collection":[{"href":"https:\/\/baldumarket.lt\/lt\/wp-json\/wp\/v2\/product"}],"about":[{"href":"https:\/\/baldumarket.lt\/lt\/wp-json\/wp\/v2\/types\/product"}],"replies":[{"embeddable":true,"href":"https:\/\/baldumarket.lt\/lt\/wp-json\/wp\/v2\/comments?post=228457"}],"wp:featuredmedia":[{"embeddable":true,"href":"https:\/\/baldumarket.lt\/lt\/wp-json\/wp\/v2\/media\/228458"}],"wp:attachment":[{"href":"https:\/\/baldumarket.lt\/lt\/wp-json\/wp\/v2\/media?parent=228457"}],"wp:term":[{"taxonomy":"product_brand","embeddable":true,"href":"https:\/\/baldumarket.lt\/lt\/wp-json\/wp\/v2\/product_brand?post=228457"},{"taxonomy":"product_cat","embeddable":true,"href":"https:\/\/baldumarket.lt\/lt\/wp-json\/wp\/v2\/product_cat?post=228457"},{"taxonomy":"product_tag","embeddable":true,"href":"https:\/\/baldumarket.lt\/lt\/wp-json\/wp\/v2\/product_tag?post=228457"}],"curies":[{"name":"wp","href":"https:\/\/api.w.org\/{rel}","templated":true}]}}