{"id":228275,"date":"2025-12-28T06:09:36","date_gmt":"2025-12-28T03:09:36","guid":{"rendered":"https:\/\/baldumarket.lt\/product\/meble-brita-09-komoda-z-szufladami-do-salonu-sypialni-dab-sonoma-bialy-poly\/"},"modified":"2026-02-11T18:36:58","modified_gmt":"2026-02-11T15:36:58","slug":"meble-brita-09-komoda-z-szufladami-do-salonu-sypialni-dab-sonoma-bialy-poly","status":"publish","type":"product","link":"https:\/\/baldumarket.lt\/lt\/product\/meble-brita-09-komoda-z-szufladami-do-salonu-sypialni-dab-sonoma-bialy-poly\/","title":{"rendered":"BRITA 09 komoda svetainei\/miegamajam, Sonoma \u0105\u017euolas, balta apdaila"},"content":{"rendered":"<p>BRITA 09 3S komoda su stal\u010diais<br \/>\nBaldai pagaminti i\u0161 16 mm ir 25 mm storio med\u017eio dro\u017eli\u0173 plok\u0161t\u0117s su ABS kra\u0161tais. Stal\u010diai atidaromi spustel\u0117jus. Kojel\u0117s auk\u0161tis \u2013 8,5 cm.<br \/>\nSpalvos: Artisan Oak \/ White \/ Glossy White<\/p>","protected":false},"excerpt":{"rendered":"<p>Plotis [cm]: 90<br \/>\nAuk\u0161tis [cm]: 89<br \/>\nGylis [cm]: 40<br \/>\nSvoris [kg]: 49<br \/>\nSpalvos: balta, Sonoma \u0105\u017euolas<\/p>","protected":false},"featured_media":228276,"comment_status":"open","ping_status":"open","template":"","meta":[],"product_brand":[],"product_cat":[1173,8386],"product_tag":[],"class_list":{"0":"post-228275","1":"product","2":"type-product","3":"status-publish","4":"has-post-thumbnail","6":"product_cat-chests-of-drawers","7":"product_cat-meblocross","9":"first","10":"instock","11":"purchasable","12":"product-type-simple"},"_links":{"self":[{"href":"https:\/\/baldumarket.lt\/lt\/wp-json\/wp\/v2\/product\/228275","targetHints":{"allow":["GET"]}}],"collection":[{"href":"https:\/\/baldumarket.lt\/lt\/wp-json\/wp\/v2\/product"}],"about":[{"href":"https:\/\/baldumarket.lt\/lt\/wp-json\/wp\/v2\/types\/product"}],"replies":[{"embeddable":true,"href":"https:\/\/baldumarket.lt\/lt\/wp-json\/wp\/v2\/comments?post=228275"}],"wp:featuredmedia":[{"embeddable":true,"href":"https:\/\/baldumarket.lt\/lt\/wp-json\/wp\/v2\/media\/228276"}],"wp:attachment":[{"href":"https:\/\/baldumarket.lt\/lt\/wp-json\/wp\/v2\/media?parent=228275"}],"wp:term":[{"taxonomy":"product_brand","embeddable":true,"href":"https:\/\/baldumarket.lt\/lt\/wp-json\/wp\/v2\/product_brand?post=228275"},{"taxonomy":"product_cat","embeddable":true,"href":"https:\/\/baldumarket.lt\/lt\/wp-json\/wp\/v2\/product_cat?post=228275"},{"taxonomy":"product_tag","embeddable":true,"href":"https:\/\/baldumarket.lt\/lt\/wp-json\/wp\/v2\/product_tag?post=228275"}],"curies":[{"name":"wp","href":"https:\/\/api.w.org\/{rel}","templated":true}]}}