{"id":22813,"date":"2025-11-14T14:44:22","date_gmt":"2025-11-14T11:44:22","guid":{"rendered":"https:\/\/baldumarket.lt\/product\/quadratta-60x20\/"},"modified":"2026-03-24T16:50:21","modified_gmt":"2026-03-24T13:50:21","slug":"quadratta-60x20","status":"publish","type":"product","link":"https:\/\/baldumarket.lt\/lt\/product\/quadratta-60x20\/","title":{"rendered":"Kvadratas 60\u00d720"},"content":{"rendered":"<p>\u201eQuadratta\u201c 60 \u00d7 20 cm dyd\u017eio apmu\u0161tos plok\u0161t\u0117s susideda i\u0161 dviej\u0173 dali\u0173. J\u0173 pagrindas \u2013 patvari ir ilgaam\u017e\u0117 MDF plok\u0161t\u0117, kuri v\u0117liau padengiama trij\u0173 centimetr\u0173 storio T21 putplas\u010dio sluoksniu. \u0160is derinys daro konstrukcij\u0105 ne tik atspari\u0105 mechaniniams pa\u017eeidimams, bet ir itin maloni\u0105 naudoti. J\u0105 galite dr\u0105siai naudoti kaip atlo\u0161\u0105. Be to, \u201eQuadratta\u201c plok\u0161t\u0117s yra lengvos, tod\u0117l neapsunkina sienos ir jos nedeformuoja. \u201eQuadratta\u201c kolekcijoje esantys ra\u0161tai ir spalvos u\u017etikrina, kad kiekvienas ras sau tinkam\u0105. Neutralios spalvos puikiai dera su industriniu stiliumi, leisdamos sukurti rami\u0105 ir mading\u0105 kompozicij\u0105. \u201eQuadratta\u201c sienin\u0117 plok\u0161t\u0117 padengta dilimui ir trin\u010diai atspariu audiniu. Jos nepriekai\u0161tinga i\u0161vaizda primena zom\u0161\u0105 ir yra praturtinta specialia hidrofobine danga. Tai rei\u0161kia, kad med\u017eiaga nesugeria dr\u0117gm\u0117s, tod\u0117l j\u0105 lengva valyti. Apmu\u0161t\u0173 plok\u0161\u010di\u0173 montavimas yra greitas ir paprastas, nereikia specializuotos \u012frangos. Plok\u0161t\u0117 sukuria gra\u017e\u0173 derin\u012f su kitais \u201eQuadratta\u201c kolekcijos gaminiais. Kiekvien\u0105 plok\u0161t\u0119 galima \u012fsigyti kaip komplekt\u0105 arba atskirai.<\/p>","protected":false},"excerpt":{"rendered":"<p>\u201eQuadratta\u201c 60 \u00d7 20 cm mink\u0161tos sofos plok\u0161t\u0117s susideda i\u0161 dviej\u0173 dali\u0173. J\u0173 pagrindas yra patvari ir ilgaam\u017e\u0117 MDF plok\u0161t\u0117, kuri v\u0117liau padengta trij\u0173 centimetr\u0173 storio T21 putplas\u010dio sluoksniu. \u0160is derinys daro konstrukcij\u0105 ne tik atspari\u0105 mechaniniams pa\u017eeidimams, bet ir itin maloni\u0105 naudoti. J\u0105 galite saugiai naudoti kaip atlo\u0161\u0105. [\u2026]<\/p>","protected":false},"featured_media":22814,"comment_status":"open","ping_status":"open","template":"","meta":[],"product_brand":[],"product_cat":[2012,1137],"product_tag":[],"class_list":{"0":"post-22813","1":"product","2":"type-product","3":"status-publish","4":"has-post-thumbnail","6":"product_cat-eltap","7":"product_cat-upholstered-panels","9":"first","10":"instock","11":"purchasable","12":"product-type-variable","13":"wvs-archive-product-wrapper"},"_links":{"self":[{"href":"https:\/\/baldumarket.lt\/lt\/wp-json\/wp\/v2\/product\/22813","targetHints":{"allow":["GET"]}}],"collection":[{"href":"https:\/\/baldumarket.lt\/lt\/wp-json\/wp\/v2\/product"}],"about":[{"href":"https:\/\/baldumarket.lt\/lt\/wp-json\/wp\/v2\/types\/product"}],"replies":[{"embeddable":true,"href":"https:\/\/baldumarket.lt\/lt\/wp-json\/wp\/v2\/comments?post=22813"}],"wp:featuredmedia":[{"embeddable":true,"href":"https:\/\/baldumarket.lt\/lt\/wp-json\/wp\/v2\/media\/22814"}],"wp:attachment":[{"href":"https:\/\/baldumarket.lt\/lt\/wp-json\/wp\/v2\/media?parent=22813"}],"wp:term":[{"taxonomy":"product_brand","embeddable":true,"href":"https:\/\/baldumarket.lt\/lt\/wp-json\/wp\/v2\/product_brand?post=22813"},{"taxonomy":"product_cat","embeddable":true,"href":"https:\/\/baldumarket.lt\/lt\/wp-json\/wp\/v2\/product_cat?post=22813"},{"taxonomy":"product_tag","embeddable":true,"href":"https:\/\/baldumarket.lt\/lt\/wp-json\/wp\/v2\/product_tag?post=22813"}],"curies":[{"name":"wp","href":"https:\/\/api.w.org\/{rel}","templated":true}]}}