{"id":228109,"date":"2025-12-28T06:03:37","date_gmt":"2025-12-28T03:03:37","guid":{"rendered":"https:\/\/baldumarket.lt\/product\/meble-brita-15-polka-wiszaca-scienna-do-salonu-dab-cremona-bialy\/"},"modified":"2026-02-11T18:37:03","modified_gmt":"2026-02-11T15:37:03","slug":"meble-brita-15-polka-wiszaca-scienna-do-salonu-dab-cremona-bialy","status":"publish","type":"product","link":"https:\/\/baldumarket.lt\/lt\/product\/meble-brita-15-polka-wiszaca-scienna-do-salonu-dab-cremona-bialy\/","title":{"rendered":"BRITA 15 bald\u0173 sienin\u0117 lentyna svetainei, kremonos \u0105\u017euolo balta spalva"},"content":{"rendered":"<p>BRITA 15 lentyna S<br \/>\nBaldai pagaminti i\u0161 16 mm ir 25 mm storio med\u017eio dro\u017eli\u0173 plok\u0161t\u0117s su ABS kra\u0161tais. Spalvos: Cremona \u0105\u017euolas \/ balta.<\/p>","protected":false},"excerpt":{"rendered":"<p>Plotis [cm]: 120<br \/>\nAuk\u0161tis [cm]: 38<br \/>\nGylis [cm]: 25<br \/>\nSvoris [kg]: 17<br \/>\nSpalvos: balta, kremonos \u0105\u017euolas<\/p>","protected":false},"featured_media":228110,"comment_status":"open","ping_status":"open","template":"","meta":[],"product_brand":[],"product_cat":[1174,8386],"product_tag":[],"class_list":{"0":"post-228109","1":"product","2":"type-product","3":"status-publish","4":"has-post-thumbnail","6":"product_cat-hanging-shelves","7":"product_cat-meblocross","9":"first","10":"instock","11":"purchasable","12":"product-type-simple"},"_links":{"self":[{"href":"https:\/\/baldumarket.lt\/lt\/wp-json\/wp\/v2\/product\/228109","targetHints":{"allow":["GET"]}}],"collection":[{"href":"https:\/\/baldumarket.lt\/lt\/wp-json\/wp\/v2\/product"}],"about":[{"href":"https:\/\/baldumarket.lt\/lt\/wp-json\/wp\/v2\/types\/product"}],"replies":[{"embeddable":true,"href":"https:\/\/baldumarket.lt\/lt\/wp-json\/wp\/v2\/comments?post=228109"}],"wp:featuredmedia":[{"embeddable":true,"href":"https:\/\/baldumarket.lt\/lt\/wp-json\/wp\/v2\/media\/228110"}],"wp:attachment":[{"href":"https:\/\/baldumarket.lt\/lt\/wp-json\/wp\/v2\/media?parent=228109"}],"wp:term":[{"taxonomy":"product_brand","embeddable":true,"href":"https:\/\/baldumarket.lt\/lt\/wp-json\/wp\/v2\/product_brand?post=228109"},{"taxonomy":"product_cat","embeddable":true,"href":"https:\/\/baldumarket.lt\/lt\/wp-json\/wp\/v2\/product_cat?post=228109"},{"taxonomy":"product_tag","embeddable":true,"href":"https:\/\/baldumarket.lt\/lt\/wp-json\/wp\/v2\/product_tag?post=228109"}],"curies":[{"name":"wp","href":"https:\/\/api.w.org\/{rel}","templated":true}]}}