{"id":228083,"date":"2025-12-28T06:02:38","date_gmt":"2025-12-28T03:02:38","guid":{"rendered":"https:\/\/baldumarket.lt\/product\/meble-brita-16-garderoba-przedpokoj-z-siedziskiem-dab-craft-zloty-bialy-pol\/"},"modified":"2026-02-11T18:37:03","modified_gmt":"2026-02-11T15:37:03","slug":"meble-brita-16-garderoba-przedpokoj-z-siedziskiem-dab-craft-zloty-bialy-pol","status":"publish","type":"product","link":"https:\/\/baldumarket.lt\/lt\/product\/meble-brita-16-garderoba-przedpokoj-z-siedziskiem-dab-craft-zloty-bialy-pol\/","title":{"rendered":"BRITA 16 bald\u0173 prie\u0161kambario spinta su s\u0117dyne, \u0105\u017euolo spalvos, aukso spalvos, balta"},"content":{"rendered":"<p>BRITA 16 3D Eco Black prie\u0161kambaris.<br \/>\nBaldai pagaminti i\u0161 16 mm ir 25 mm storio med\u017eio dro\u017eli\u0173 plok\u0161t\u0117s su ABS kra\u0161tais. Durys turi atidarymo mechanizm\u0105 spustel\u0117jus. Pjedestalas yra 8,5 cm auk\u0161\u010dio.<br \/>\nSpalvos: Auksinis \u0105\u017euolas \/ Balta \/ Blizgi balta \/ Eko juoda<\/p>","protected":false},"excerpt":{"rendered":"<p>Plotis [cm]: 120<br \/>\n\u016agis [cm]: 191<br \/>\nGylis [cm]: 40<br \/>\nSvoris [kg]: 88<br \/>\nSpalvos: balta, auksin\u0117 \u0105\u017euolo spalvos<\/p>","protected":false},"featured_media":228084,"comment_status":"open","ping_status":"open","template":"","meta":[],"product_brand":[],"product_cat":[8386,1177],"product_tag":[],"class_list":{"0":"post-228083","1":"product","2":"type-product","3":"status-publish","4":"has-post-thumbnail","6":"product_cat-meblocross","7":"product_cat-wardrobes","9":"first","10":"instock","11":"purchasable","12":"product-type-simple"},"_links":{"self":[{"href":"https:\/\/baldumarket.lt\/lt\/wp-json\/wp\/v2\/product\/228083","targetHints":{"allow":["GET"]}}],"collection":[{"href":"https:\/\/baldumarket.lt\/lt\/wp-json\/wp\/v2\/product"}],"about":[{"href":"https:\/\/baldumarket.lt\/lt\/wp-json\/wp\/v2\/types\/product"}],"replies":[{"embeddable":true,"href":"https:\/\/baldumarket.lt\/lt\/wp-json\/wp\/v2\/comments?post=228083"}],"wp:featuredmedia":[{"embeddable":true,"href":"https:\/\/baldumarket.lt\/lt\/wp-json\/wp\/v2\/media\/228084"}],"wp:attachment":[{"href":"https:\/\/baldumarket.lt\/lt\/wp-json\/wp\/v2\/media?parent=228083"}],"wp:term":[{"taxonomy":"product_brand","embeddable":true,"href":"https:\/\/baldumarket.lt\/lt\/wp-json\/wp\/v2\/product_brand?post=228083"},{"taxonomy":"product_cat","embeddable":true,"href":"https:\/\/baldumarket.lt\/lt\/wp-json\/wp\/v2\/product_cat?post=228083"},{"taxonomy":"product_tag","embeddable":true,"href":"https:\/\/baldumarket.lt\/lt\/wp-json\/wp\/v2\/product_tag?post=228083"}],"curies":[{"name":"wp","href":"https:\/\/api.w.org\/{rel}","templated":true}]}}