{"id":22805,"date":"2025-11-14T14:44:09","date_gmt":"2025-11-14T11:44:09","guid":{"rendered":"https:\/\/baldumarket.lt\/product\/quadratta-50x20\/"},"modified":"2026-03-24T16:50:29","modified_gmt":"2026-03-24T13:50:29","slug":"quadratta-50x20","status":"publish","type":"product","link":"https:\/\/baldumarket.lt\/lt\/product\/quadratta-50x20\/","title":{"rendered":"Kvadratas 50\u00d720"},"content":{"rendered":"<p>\u201eQuadratta\u201c 50 \u00d7 20 cm apmu\u0161ta sienos plok\u0161t\u0117, pastatyta vaiko kambaryje, sukurs vaikui draugi\u0161k\u0105 erdv\u0119 ner\u016bpestingam ir d\u017eiaugsmingam \u017eaidimui. Mink\u0161tas pavir\u0161ius, u\u017epildytas 3 cm storio T21 putomis, neleid\u017eia ma\u017eyliams dau\u017eytis \u012f kietas sienas. Tokiu b\u016bdu i\u0161vengsite nereikaling\u0173 a\u0161ar\u0173 ir m\u0117lyni\u0173! Patrauklus dizainas ir platus \u201eBalduMarket\u201c spalv\u0173 pasirinkimas u\u017etikrina, kad m\u016bs\u0173 plok\u0161t\u0117 atitiks ir auk\u0161tus j\u016bs\u0173 vaiko estetinius l\u016bkes\u010dius. Kiekviena m\u016bs\u0173 sienos plok\u0161t\u0117 yra aptraukta mink\u0161tu, zom\u0161os stiliaus audiniu. Jos pavir\u0161ius pasi\u017eymi ne tik dideliu atsparumu dilimui ir trin\u010diai, bet ir vandeniui atsparia apdaila. Apmu\u0161t\u0173 plok\u0161\u010di\u0173 montavimas yra ne\u012ftik\u0117tinai paprastas ir nereikalauja jokios specializuotos \u012frangos. Jos puikiai dera su kitais \u201eQuadratta\u201c kolekcijos elementais. Kiekvien\u0105 plok\u0161t\u0119 galima \u012fsigyti kaip komplekt\u0105 arba atskirai.<\/p>","protected":false},"excerpt":{"rendered":"<p>\u201eQuadratta\u201c 50 \u00d7 20 cm apmu\u0161ta sienos plok\u0161t\u0117, pastatyta vaiko kambaryje, sukurs vaikui draugi\u0161k\u0105 erdv\u0119 ner\u016bpestingam ir d\u017eiaugsmingam \u017eaidimui. Mink\u0161tas pavir\u0161ius, u\u017epildytas 3 cm storio T21 putomis, neleid\u017eia ma\u017eyliams dau\u017eytis \u012f kietas sienas. Taip i\u0161vengsite nereikaling\u0173 a\u0161ar\u0173 ir m\u0117lyni\u0173! Patrauklus dizainas ir platus spalv\u0173 pasirinkimas [\u2026]<\/p>","protected":false},"featured_media":22806,"comment_status":"open","ping_status":"open","template":"","meta":[],"product_brand":[],"product_cat":[2012,1137],"product_tag":[],"class_list":{"0":"post-22805","1":"product","2":"type-product","3":"status-publish","4":"has-post-thumbnail","6":"product_cat-eltap","7":"product_cat-upholstered-panels","9":"first","10":"instock","11":"purchasable","12":"product-type-variable","13":"wvs-archive-product-wrapper"},"_links":{"self":[{"href":"https:\/\/baldumarket.lt\/lt\/wp-json\/wp\/v2\/product\/22805","targetHints":{"allow":["GET"]}}],"collection":[{"href":"https:\/\/baldumarket.lt\/lt\/wp-json\/wp\/v2\/product"}],"about":[{"href":"https:\/\/baldumarket.lt\/lt\/wp-json\/wp\/v2\/types\/product"}],"replies":[{"embeddable":true,"href":"https:\/\/baldumarket.lt\/lt\/wp-json\/wp\/v2\/comments?post=22805"}],"wp:featuredmedia":[{"embeddable":true,"href":"https:\/\/baldumarket.lt\/lt\/wp-json\/wp\/v2\/media\/22806"}],"wp:attachment":[{"href":"https:\/\/baldumarket.lt\/lt\/wp-json\/wp\/v2\/media?parent=22805"}],"wp:term":[{"taxonomy":"product_brand","embeddable":true,"href":"https:\/\/baldumarket.lt\/lt\/wp-json\/wp\/v2\/product_brand?post=22805"},{"taxonomy":"product_cat","embeddable":true,"href":"https:\/\/baldumarket.lt\/lt\/wp-json\/wp\/v2\/product_cat?post=22805"},{"taxonomy":"product_tag","embeddable":true,"href":"https:\/\/baldumarket.lt\/lt\/wp-json\/wp\/v2\/product_tag?post=22805"}],"curies":[{"name":"wp","href":"https:\/\/api.w.org\/{rel}","templated":true}]}}