{"id":228048,"date":"2025-12-28T06:01:27","date_gmt":"2025-12-28T03:01:27","guid":{"rendered":"https:\/\/baldumarket.lt\/product\/meble-brita-17-niski-regal-z-szufladami-polkami-dab-craft-zloty-bialy-polys\/"},"modified":"2026-02-11T18:37:04","modified_gmt":"2026-02-11T15:37:04","slug":"meble-brita-17-niski-regal-z-szufladami-polkami-dab-craft-zloty-bialy-polys","status":"publish","type":"product","link":"https:\/\/baldumarket.lt\/lt\/product\/meble-brita-17-niski-regal-z-szufladami-polkami-dab-craft-zloty-bialy-polys\/","title":{"rendered":"BRITA 17 baldai, \u017eema lentyna su stal\u010diais ir lentynomis, \u0105\u017euolo dirbiniai, auksin\u0117, balta blizgi spalva"},"content":{"rendered":"<p>BRITA 17 1D2S lentyna<br \/>\nBaldai pagaminti i\u0161 16 mm ir 25 mm storio med\u017eio dro\u017eli\u0173 plok\u0161t\u0117s su ABS kra\u0161tais. Stal\u010diai ir durel\u0117s atidaromi spustel\u0117jus. Pjedestalas yra 8,5 cm auk\u0161\u010dio.<br \/>\nSpalvos: auksinis \u0105\u017euolas \/ balta \/ blizgi balta<\/p>","protected":false},"excerpt":{"rendered":"<p>Plotis [cm]: 90<br \/>\nAuk\u0161tis [cm]: 147<br \/>\nGylis [cm]: 40<br \/>\nSvoris [kg]: 65<br \/>\nSpalvos: balta, auksin\u0117 \u0105\u017euolo spalvos<\/p>","protected":false},"featured_media":228049,"comment_status":"open","ping_status":"open","template":"","meta":[],"product_brand":[],"product_cat":[8386,1987],"product_tag":[],"class_list":{"0":"post-228048","1":"product","2":"type-product","3":"status-publish","4":"has-post-thumbnail","6":"product_cat-meblocross","7":"product_cat-shelving-units","9":"first","10":"instock","11":"purchasable","12":"product-type-simple"},"_links":{"self":[{"href":"https:\/\/baldumarket.lt\/lt\/wp-json\/wp\/v2\/product\/228048","targetHints":{"allow":["GET"]}}],"collection":[{"href":"https:\/\/baldumarket.lt\/lt\/wp-json\/wp\/v2\/product"}],"about":[{"href":"https:\/\/baldumarket.lt\/lt\/wp-json\/wp\/v2\/types\/product"}],"replies":[{"embeddable":true,"href":"https:\/\/baldumarket.lt\/lt\/wp-json\/wp\/v2\/comments?post=228048"}],"wp:featuredmedia":[{"embeddable":true,"href":"https:\/\/baldumarket.lt\/lt\/wp-json\/wp\/v2\/media\/228049"}],"wp:attachment":[{"href":"https:\/\/baldumarket.lt\/lt\/wp-json\/wp\/v2\/media?parent=228048"}],"wp:term":[{"taxonomy":"product_brand","embeddable":true,"href":"https:\/\/baldumarket.lt\/lt\/wp-json\/wp\/v2\/product_brand?post=228048"},{"taxonomy":"product_cat","embeddable":true,"href":"https:\/\/baldumarket.lt\/lt\/wp-json\/wp\/v2\/product_cat?post=228048"},{"taxonomy":"product_tag","embeddable":true,"href":"https:\/\/baldumarket.lt\/lt\/wp-json\/wp\/v2\/product_tag?post=228048"}],"curies":[{"name":"wp","href":"https:\/\/api.w.org\/{rel}","templated":true}]}}