{"id":227901,"date":"2025-12-28T05:56:08","date_gmt":"2025-12-28T02:56:08","guid":{"rendered":"https:\/\/baldumarket.lt\/product\/meble-brita-21-komoda-stolik-szafka-rtv-z-szufladami-dab-cremona-bialy-pol\/"},"modified":"2026-02-11T18:37:08","modified_gmt":"2026-02-11T15:37:08","slug":"meble-brita-21-komoda-stolik-szafka-rtv-z-szufladami-dab-cremona-bialy-pol","status":"publish","type":"product","link":"https:\/\/baldumarket.lt\/lt\/product\/meble-brita-21-komoda-stolik-szafka-rtv-z-szufladami-dab-cremona-bialy-pol\/","title":{"rendered":"BRITA 21 bald\u0173 komoda, stalas, TV spintel\u0117 su stal\u010diais, kremonos \u0105\u017euolas, balta"},"content":{"rendered":"<p>BRITA 21 1D2S televizoriaus stovas<br \/>\nSuderinamas vir\u0161us pridedamas.<br \/>\nBaldai pagaminti i\u0161 16 mm ir 25 mm storio med\u017eio dro\u017eli\u0173 plok\u0161t\u0117s su ABS kra\u0161tais. Stal\u010diai ir durel\u0117s atidaromi spustel\u0117jus. Pjedestalas yra 8,5 cm auk\u0161\u010dio.<br \/>\nSpalvos: Kremonos \u0105\u017euolas \/ balta \/ blizgi balta<\/p>","protected":false},"excerpt":{"rendered":"<p>Plotis [cm]: 160<br \/>\nAuk\u0161tis [cm]: 49<br \/>\nGylis [cm]: 40<br \/>\nSvoris [kg]: 50<br \/>\nSpalvos: balta, kremonos \u0105\u017euolas<\/p>","protected":false},"featured_media":227902,"comment_status":"open","ping_status":"open","template":"","meta":[],"product_brand":[],"product_cat":[8386,1175],"product_tag":[],"class_list":{"0":"post-227901","1":"product","2":"type-product","3":"status-publish","4":"has-post-thumbnail","6":"product_cat-meblocross","7":"product_cat-tv-stands","9":"first","10":"instock","11":"purchasable","12":"product-type-simple"},"_links":{"self":[{"href":"https:\/\/baldumarket.lt\/lt\/wp-json\/wp\/v2\/product\/227901","targetHints":{"allow":["GET"]}}],"collection":[{"href":"https:\/\/baldumarket.lt\/lt\/wp-json\/wp\/v2\/product"}],"about":[{"href":"https:\/\/baldumarket.lt\/lt\/wp-json\/wp\/v2\/types\/product"}],"replies":[{"embeddable":true,"href":"https:\/\/baldumarket.lt\/lt\/wp-json\/wp\/v2\/comments?post=227901"}],"wp:featuredmedia":[{"embeddable":true,"href":"https:\/\/baldumarket.lt\/lt\/wp-json\/wp\/v2\/media\/227902"}],"wp:attachment":[{"href":"https:\/\/baldumarket.lt\/lt\/wp-json\/wp\/v2\/media?parent=227901"}],"wp:term":[{"taxonomy":"product_brand","embeddable":true,"href":"https:\/\/baldumarket.lt\/lt\/wp-json\/wp\/v2\/product_brand?post=227901"},{"taxonomy":"product_cat","embeddable":true,"href":"https:\/\/baldumarket.lt\/lt\/wp-json\/wp\/v2\/product_cat?post=227901"},{"taxonomy":"product_tag","embeddable":true,"href":"https:\/\/baldumarket.lt\/lt\/wp-json\/wp\/v2\/product_tag?post=227901"}],"curies":[{"name":"wp","href":"https:\/\/api.w.org\/{rel}","templated":true}]}}