{"id":227879,"date":"2025-12-28T05:55:28","date_gmt":"2025-12-28T02:55:28","guid":{"rendered":"https:\/\/baldumarket.lt\/product\/meble-brita-22-stol-rozkladany-do-salonu-jadalni-dab-artisan-bialy\/"},"modified":"2026-02-11T18:37:08","modified_gmt":"2026-02-11T15:37:08","slug":"meble-brita-22-stol-rozkladany-do-salonu-jadalni-dab-artisan-bialy","status":"publish","type":"product","link":"https:\/\/baldumarket.lt\/lt\/product\/meble-brita-22-stol-rozkladany-do-salonu-jadalni-dab-artisan-bialy\/","title":{"rendered":"BRITA 22 baldai, i\u0161skleid\u017eiamas stalas svetainei, valgomajam, meni\u0161kas \u0105\u017euolas, baltas"},"content":{"rendered":"<p>BRITA 22 i\u0161traukiamas stalas 130\/190 \u00d7 80<br \/>\nBaldai pagaminti i\u0161 16 mm ir 25 mm storio med\u017eio dro\u017eli\u0173 plok\u0161t\u0117s su ABS briaunomis. Spalvos: Artisan Oak \/ White<\/p>","protected":false},"excerpt":{"rendered":"<p>Plotis [cm]: 130\/190<br \/>\nAuk\u0161tis [cm]: 76<br \/>\nGylis [cm]: 80<br \/>\nSvoris [kg]: 47<br \/>\nSpalvos: balta, dirbtinio \u0105\u017euolo<\/p>","protected":false},"featured_media":227880,"comment_status":"open","ping_status":"open","template":"","meta":[],"product_brand":[],"product_cat":[8386,1934],"product_tag":[],"class_list":{"0":"post-227879","1":"product","2":"type-product","3":"status-publish","4":"has-post-thumbnail","6":"product_cat-meblocross","7":"product_cat-tables","9":"first","10":"instock","11":"purchasable","12":"product-type-simple"},"_links":{"self":[{"href":"https:\/\/baldumarket.lt\/lt\/wp-json\/wp\/v2\/product\/227879","targetHints":{"allow":["GET"]}}],"collection":[{"href":"https:\/\/baldumarket.lt\/lt\/wp-json\/wp\/v2\/product"}],"about":[{"href":"https:\/\/baldumarket.lt\/lt\/wp-json\/wp\/v2\/types\/product"}],"replies":[{"embeddable":true,"href":"https:\/\/baldumarket.lt\/lt\/wp-json\/wp\/v2\/comments?post=227879"}],"wp:featuredmedia":[{"embeddable":true,"href":"https:\/\/baldumarket.lt\/lt\/wp-json\/wp\/v2\/media\/227880"}],"wp:attachment":[{"href":"https:\/\/baldumarket.lt\/lt\/wp-json\/wp\/v2\/media?parent=227879"}],"wp:term":[{"taxonomy":"product_brand","embeddable":true,"href":"https:\/\/baldumarket.lt\/lt\/wp-json\/wp\/v2\/product_brand?post=227879"},{"taxonomy":"product_cat","embeddable":true,"href":"https:\/\/baldumarket.lt\/lt\/wp-json\/wp\/v2\/product_cat?post=227879"},{"taxonomy":"product_tag","embeddable":true,"href":"https:\/\/baldumarket.lt\/lt\/wp-json\/wp\/v2\/product_tag?post=227879"}],"curies":[{"name":"wp","href":"https:\/\/api.w.org\/{rel}","templated":true}]}}