{"id":227841,"date":"2025-12-28T05:54:17","date_gmt":"2025-12-28T02:54:17","guid":{"rendered":"https:\/\/baldumarket.lt\/product\/meble-brita-23-szafa-do-salonu-przedpokoju-sypialni-dab-craft-zloty-bialy-p\/"},"modified":"2026-02-11T18:37:08","modified_gmt":"2026-02-11T15:37:08","slug":"meble-brita-23-szafa-do-salonu-przedpokoju-sypialni-dab-craft-zloty-bialy-p","status":"publish","type":"product","link":"https:\/\/baldumarket.lt\/lt\/product\/meble-brita-23-szafa-do-salonu-przedpokoju-sypialni-dab-craft-zloty-bialy-p\/","title":{"rendered":"BRITA 23 bald\u0173 spinta svetainei, prie\u0161kambariui, miegamajam, rankdarbi\u0173 stiliaus, \u0105\u017euolo, aukso, baltos spalvos"},"content":{"rendered":"<p>BRITA 23 2D spinta<br \/>\nBaldai pagaminti i\u0161 16 mm ir 25 mm storio med\u017eio dro\u017eli\u0173 plok\u0161t\u0117s su ABS kra\u0161tais. Durys turi atidarymo mechanizm\u0105 paspaudimu. Pjedestalas yra 8,5 cm auk\u0161\u010dio.<br \/>\nSpalvos: auksinis \u0105\u017euolas \/ balta \/ blizgi balta<\/p>","protected":false},"excerpt":{"rendered":"<p>Plotis [cm]: 90<br \/>\n\u016agis [cm]: 191<br \/>\nGylis [cm]: 60<br \/>\nSvoris [kg]: 91<br \/>\nSpalvos: balta, auksin\u0117 \u0105\u017euolo spalvos<\/p>","protected":false},"featured_media":227842,"comment_status":"open","ping_status":"open","template":"","meta":[],"product_brand":[],"product_cat":[8386,1177],"product_tag":[],"class_list":{"0":"post-227841","1":"product","2":"type-product","3":"status-publish","4":"has-post-thumbnail","6":"product_cat-meblocross","7":"product_cat-wardrobes","9":"first","10":"instock","11":"purchasable","12":"product-type-simple"},"_links":{"self":[{"href":"https:\/\/baldumarket.lt\/lt\/wp-json\/wp\/v2\/product\/227841","targetHints":{"allow":["GET"]}}],"collection":[{"href":"https:\/\/baldumarket.lt\/lt\/wp-json\/wp\/v2\/product"}],"about":[{"href":"https:\/\/baldumarket.lt\/lt\/wp-json\/wp\/v2\/types\/product"}],"replies":[{"embeddable":true,"href":"https:\/\/baldumarket.lt\/lt\/wp-json\/wp\/v2\/comments?post=227841"}],"wp:featuredmedia":[{"embeddable":true,"href":"https:\/\/baldumarket.lt\/lt\/wp-json\/wp\/v2\/media\/227842"}],"wp:attachment":[{"href":"https:\/\/baldumarket.lt\/lt\/wp-json\/wp\/v2\/media?parent=227841"}],"wp:term":[{"taxonomy":"product_brand","embeddable":true,"href":"https:\/\/baldumarket.lt\/lt\/wp-json\/wp\/v2\/product_brand?post=227841"},{"taxonomy":"product_cat","embeddable":true,"href":"https:\/\/baldumarket.lt\/lt\/wp-json\/wp\/v2\/product_cat?post=227841"},{"taxonomy":"product_tag","embeddable":true,"href":"https:\/\/baldumarket.lt\/lt\/wp-json\/wp\/v2\/product_tag?post=227841"}],"curies":[{"name":"wp","href":"https:\/\/api.w.org\/{rel}","templated":true}]}}