{"id":227763,"date":"2025-12-28T05:51:10","date_gmt":"2025-12-28T02:51:10","guid":{"rendered":"https:\/\/baldumarket.lt\/product\/meble-brita-25-polka-szafka-wiszaca-do-salonu-dab-sonoma-bialy-polysk\/"},"modified":"2026-02-11T18:37:11","modified_gmt":"2026-02-11T15:37:11","slug":"meble-brita-25-polka-szafka-wiszaca-do-salonu-dab-sonoma-bialy-polysk","status":"publish","type":"product","link":"https:\/\/baldumarket.lt\/lt\/product\/meble-brita-25-polka-szafka-wiszaca-do-salonu-dab-sonoma-bialy-polysk\/","title":{"rendered":"BRITA 25 bald\u0173 lentyna pakabinama spintel\u0117 svetainei, Sonoma \u0105\u017euolas, baltas blizgus"},"content":{"rendered":"<p>BRITA 25 2D pakabinama spintel\u0117<br \/>\nSpintel\u0117 pagaminta i\u0161 16 mm ir 25 mm storio med\u017eio dro\u017eli\u0173 plok\u0161t\u0117s su ABS kra\u0161tais. Durys turi atidarymo mechanizm\u0105 paspaudimu.<br \/>\nSpalvos: Sonoma \u0105\u017euolas \/ balta \/ blizgi balta<\/p>","protected":false},"excerpt":{"rendered":"<p>Plotis [cm]: 160<br \/>\nAuk\u0161tis [cm]: 38<br \/>\nGylis [cm]: 25<br \/>\nSvoris [kg]: 23<br \/>\nSpalvos: balta, Sonoma \u0105\u017euolas<\/p>","protected":false},"featured_media":227764,"comment_status":"open","ping_status":"open","template":"","meta":[],"product_brand":[],"product_cat":[1174,8386],"product_tag":[],"class_list":{"0":"post-227763","1":"product","2":"type-product","3":"status-publish","4":"has-post-thumbnail","6":"product_cat-hanging-shelves","7":"product_cat-meblocross","9":"first","10":"instock","11":"purchasable","12":"product-type-simple"},"_links":{"self":[{"href":"https:\/\/baldumarket.lt\/lt\/wp-json\/wp\/v2\/product\/227763","targetHints":{"allow":["GET"]}}],"collection":[{"href":"https:\/\/baldumarket.lt\/lt\/wp-json\/wp\/v2\/product"}],"about":[{"href":"https:\/\/baldumarket.lt\/lt\/wp-json\/wp\/v2\/types\/product"}],"replies":[{"embeddable":true,"href":"https:\/\/baldumarket.lt\/lt\/wp-json\/wp\/v2\/comments?post=227763"}],"wp:featuredmedia":[{"embeddable":true,"href":"https:\/\/baldumarket.lt\/lt\/wp-json\/wp\/v2\/media\/227764"}],"wp:attachment":[{"href":"https:\/\/baldumarket.lt\/lt\/wp-json\/wp\/v2\/media?parent=227763"}],"wp:term":[{"taxonomy":"product_brand","embeddable":true,"href":"https:\/\/baldumarket.lt\/lt\/wp-json\/wp\/v2\/product_brand?post=227763"},{"taxonomy":"product_cat","embeddable":true,"href":"https:\/\/baldumarket.lt\/lt\/wp-json\/wp\/v2\/product_cat?post=227763"},{"taxonomy":"product_tag","embeddable":true,"href":"https:\/\/baldumarket.lt\/lt\/wp-json\/wp\/v2\/product_tag?post=227763"}],"curies":[{"name":"wp","href":"https:\/\/api.w.org\/{rel}","templated":true}]}}