{"id":227739,"date":"2025-12-28T05:50:12","date_gmt":"2025-12-28T02:50:12","guid":{"rendered":"https:\/\/baldumarket.lt\/product\/meble-brita-26-wieszak-z-lustrem-do-przedpokoju-dab-sonoma-bialy\/"},"modified":"2026-02-11T18:37:11","modified_gmt":"2026-02-11T15:37:11","slug":"meble-brita-26-wieszak-z-lustrem-do-przedpokoju-dab-sonoma-bialy","status":"publish","type":"product","link":"https:\/\/baldumarket.lt\/lt\/product\/meble-brita-26-wieszak-z-lustrem-do-przedpokoju-dab-sonoma-bialy\/","title":{"rendered":"BRITA 26 bald\u0173 kabykla su veidrod\u017eiu prie\u0161kambariui, Sonoma \u0105\u017euolas, balta"},"content":{"rendered":"<p>BRITA 26 palt\u0173 kabykla L<br \/>\nBaldai pagaminti i\u0161 16 mm ir 25 mm storio med\u017eio dro\u017eli\u0173 plok\u0161t\u0117s su ABS kra\u0161tais. Spalvos: Sonoma \u0105\u017euolas \/ balta.<\/p>","protected":false},"excerpt":{"rendered":"<p>Plotis [cm]: 120<br \/>\nAuk\u0161tis [cm]: 110<br \/>\nGylis [cm]: 12<br \/>\nSvoris [kg]: 25<br \/>\nSpalvos: balta, Sonoma \u0105\u017euolas<\/p>","protected":false},"featured_media":227740,"comment_status":"open","ping_status":"open","template":"","meta":[],"product_brand":[],"product_cat":[1931,8386],"product_tag":[],"class_list":{"0":"post-227739","1":"product","2":"type-product","3":"status-publish","4":"has-post-thumbnail","6":"product_cat-hangers","7":"product_cat-meblocross","9":"first","10":"instock","11":"purchasable","12":"product-type-simple"},"_links":{"self":[{"href":"https:\/\/baldumarket.lt\/lt\/wp-json\/wp\/v2\/product\/227739","targetHints":{"allow":["GET"]}}],"collection":[{"href":"https:\/\/baldumarket.lt\/lt\/wp-json\/wp\/v2\/product"}],"about":[{"href":"https:\/\/baldumarket.lt\/lt\/wp-json\/wp\/v2\/types\/product"}],"replies":[{"embeddable":true,"href":"https:\/\/baldumarket.lt\/lt\/wp-json\/wp\/v2\/comments?post=227739"}],"wp:featuredmedia":[{"embeddable":true,"href":"https:\/\/baldumarket.lt\/lt\/wp-json\/wp\/v2\/media\/227740"}],"wp:attachment":[{"href":"https:\/\/baldumarket.lt\/lt\/wp-json\/wp\/v2\/media?parent=227739"}],"wp:term":[{"taxonomy":"product_brand","embeddable":true,"href":"https:\/\/baldumarket.lt\/lt\/wp-json\/wp\/v2\/product_brand?post=227739"},{"taxonomy":"product_cat","embeddable":true,"href":"https:\/\/baldumarket.lt\/lt\/wp-json\/wp\/v2\/product_cat?post=227739"},{"taxonomy":"product_tag","embeddable":true,"href":"https:\/\/baldumarket.lt\/lt\/wp-json\/wp\/v2\/product_tag?post=227739"}],"curies":[{"name":"wp","href":"https:\/\/api.w.org\/{rel}","templated":true}]}}