{"id":227733,"date":"2025-12-28T05:49:56","date_gmt":"2025-12-28T02:49:56","guid":{"rendered":"https:\/\/baldumarket.lt\/product\/meble-brita-27-wysoka-witryna-do-salonu-czarny-bialy-polysk\/"},"modified":"2026-02-11T18:37:11","modified_gmt":"2026-02-11T15:37:11","slug":"meble-brita-27-wysoka-witryna-do-salonu-czarny-bialy-polysk","status":"publish","type":"product","link":"https:\/\/baldumarket.lt\/lt\/product\/meble-brita-27-wysoka-witryna-do-salonu-czarny-bialy-polysk\/","title":{"rendered":"BRITA 27 baldai, auksta vitrin svetainei, juodai balta blizgi"},"content":{"rendered":"<p>BRITA 27 1D vitrina<br \/>\nBaldai pagaminti i\u0161 16 mm ir 25 mm storio med\u017eio dro\u017eli\u0173 plok\u0161t\u0117s su ABS kra\u0161tais. Durys turi atidarymo mechanizm\u0105 paspaudimu. Pjedestalas yra 8,5 cm auk\u0161\u010dio.<br \/>\nSpalvos: juoda \/ balta \/ blizgi balta<\/p>","protected":false},"excerpt":{"rendered":"<p>Plotis [cm]: 60<br \/>\n\u016agis [cm]: 191<br \/>\nGylis [cm]: 40<br \/>\nSvoris [kg]: 55<br \/>\nSpalvos: balta, juoda<\/p>","protected":false},"featured_media":227734,"comment_status":"open","ping_status":"open","template":"","meta":[],"product_brand":[],"product_cat":[8386,2006],"product_tag":[],"class_list":{"0":"post-227733","1":"product","2":"type-product","3":"status-publish","4":"has-post-thumbnail","6":"product_cat-meblocross","7":"product_cat-vitrines","9":"first","10":"instock","11":"purchasable","12":"product-type-simple"},"_links":{"self":[{"href":"https:\/\/baldumarket.lt\/lt\/wp-json\/wp\/v2\/product\/227733","targetHints":{"allow":["GET"]}}],"collection":[{"href":"https:\/\/baldumarket.lt\/lt\/wp-json\/wp\/v2\/product"}],"about":[{"href":"https:\/\/baldumarket.lt\/lt\/wp-json\/wp\/v2\/types\/product"}],"replies":[{"embeddable":true,"href":"https:\/\/baldumarket.lt\/lt\/wp-json\/wp\/v2\/comments?post=227733"}],"wp:featuredmedia":[{"embeddable":true,"href":"https:\/\/baldumarket.lt\/lt\/wp-json\/wp\/v2\/media\/227734"}],"wp:attachment":[{"href":"https:\/\/baldumarket.lt\/lt\/wp-json\/wp\/v2\/media?parent=227733"}],"wp:term":[{"taxonomy":"product_brand","embeddable":true,"href":"https:\/\/baldumarket.lt\/lt\/wp-json\/wp\/v2\/product_brand?post=227733"},{"taxonomy":"product_cat","embeddable":true,"href":"https:\/\/baldumarket.lt\/lt\/wp-json\/wp\/v2\/product_cat?post=227733"},{"taxonomy":"product_tag","embeddable":true,"href":"https:\/\/baldumarket.lt\/lt\/wp-json\/wp\/v2\/product_tag?post=227733"}],"curies":[{"name":"wp","href":"https:\/\/api.w.org\/{rel}","templated":true}]}}