{"id":227649,"date":"2025-12-28T05:46:38","date_gmt":"2025-12-28T02:46:38","guid":{"rendered":"https:\/\/baldumarket.lt\/product\/meble-celo-3-zestaw-pokojowy-mebloscianka\/"},"modified":"2026-02-11T18:37:12","modified_gmt":"2026-02-11T15:37:12","slug":"meble-celo-3-zestaw-pokojowy-mebloscianka","status":"publish","type":"product","link":"https:\/\/baldumarket.lt\/lt\/product\/meble-celo-3-zestaw-pokojowy-mebloscianka\/","title":{"rendered":"CELO baldai #3 svetain\u0117s komplektas su sienine spintele"},"content":{"rendered":"<p>CELO rinkinys 3<br \/>\n\u012e rinkin\u012f \u012feina:<br \/>\n\u2013 CELO _01 1 dur\u0173 ir 4 pusi\u0173 patalyn\u0117s spinta<br \/>\n\u2013 CELO _06 komoda su 2 durimis ir 4 sienomis<br \/>\n\u2013 CELO _16 4 pusi\u0173 lentyn\u0173 blokas<br \/>\n\u2013 CELO _18 dviej\u0173 dur\u0173 televizoriaus staliukas<br \/>\n\u2013 CELO _24 M pakabinama lentyna<br \/>\n\u2013 CELO _11 4 pusi\u0173 kavos staliukas<br \/>\nBaldai pagaminti i\u0161 16 mm ir 22 mm storio med\u017eio dro\u017eli\u0173 plok\u0161t\u0117s su ABS briaunomis. Stal\u010diai ir durel\u0117s turi \u0161velnaus u\u017edarymo sistem\u0105. \u012evairi\u0173 element\u0173 medin\u0117s kojel\u0117s yra 12 cm, 30 cm ir 62 cm auk\u0161\u010dio.<br \/>\nSpalv\u0173 variantai: balta \/ blizgi balta, auksinis \u0105\u017euolas \/ blizgi balta, \u0105\u017euolas \/ blizgi balta, burgundi\u0161kas \u0105\u017euolas \/ blizgi balta, \u0161viesus sonoma \u0105\u017euolas \/ blizgi balta<\/p>","protected":false},"excerpt":{"rendered":"<p>CELO komplektas 3 Komplekt\u0105 sudaro: \u2013 CELO _01 vien\u0173 dur\u0173 ir 4 pusi\u0173 patalyn\u0117s spinta \u2013 CELO _06 dviej\u0173 dur\u0173 ir 4 pusi\u0173 komoda \u2013 CELO _16 keturi\u0173 pusi\u0173 lentyn\u0173 blokas \u2013 CELO _18 dviej\u0173 dur\u0173 televizoriaus staliukas \u2013 CELO _24 M pakabinama lentyna \u2013 CELO _11 keturi\u0173 pusi\u0173 kavos staliukas Baldai pagaminti i\u0161 16 mm ir 22 mm storio med\u017eio dro\u017eli\u0173 plok\u0161t\u0117s [\u2026]<\/p>","protected":false},"featured_media":227650,"comment_status":"open","ping_status":"open","template":"","meta":[],"product_brand":[],"product_cat":[8386,2008],"product_tag":[],"class_list":{"0":"post-227649","1":"product","2":"type-product","3":"status-publish","4":"has-post-thumbnail","6":"product_cat-meblocross","7":"product_cat-wall-units","9":"first","10":"instock","11":"purchasable","12":"product-type-simple"},"_links":{"self":[{"href":"https:\/\/baldumarket.lt\/lt\/wp-json\/wp\/v2\/product\/227649","targetHints":{"allow":["GET"]}}],"collection":[{"href":"https:\/\/baldumarket.lt\/lt\/wp-json\/wp\/v2\/product"}],"about":[{"href":"https:\/\/baldumarket.lt\/lt\/wp-json\/wp\/v2\/types\/product"}],"replies":[{"embeddable":true,"href":"https:\/\/baldumarket.lt\/lt\/wp-json\/wp\/v2\/comments?post=227649"}],"wp:featuredmedia":[{"embeddable":true,"href":"https:\/\/baldumarket.lt\/lt\/wp-json\/wp\/v2\/media\/227650"}],"wp:attachment":[{"href":"https:\/\/baldumarket.lt\/lt\/wp-json\/wp\/v2\/media?parent=227649"}],"wp:term":[{"taxonomy":"product_brand","embeddable":true,"href":"https:\/\/baldumarket.lt\/lt\/wp-json\/wp\/v2\/product_brand?post=227649"},{"taxonomy":"product_cat","embeddable":true,"href":"https:\/\/baldumarket.lt\/lt\/wp-json\/wp\/v2\/product_cat?post=227649"},{"taxonomy":"product_tag","embeddable":true,"href":"https:\/\/baldumarket.lt\/lt\/wp-json\/wp\/v2\/product_tag?post=227649"}],"curies":[{"name":"wp","href":"https:\/\/api.w.org\/{rel}","templated":true}]}}