{"id":227637,"date":"2025-12-28T05:46:03","date_gmt":"2025-12-28T02:46:03","guid":{"rendered":"https:\/\/baldumarket.lt\/product\/meble-celo-5-zestaw-mlodziezowy-mebloscianka\/"},"modified":"2026-02-11T18:37:12","modified_gmt":"2026-02-11T15:37:12","slug":"meble-celo-5-zestaw-mlodziezowy-mebloscianka","status":"publish","type":"product","link":"https:\/\/baldumarket.lt\/lt\/product\/meble-celo-5-zestaw-mlodziezowy-mebloscianka\/","title":{"rendered":"CELO baldai #5 jaunimo komplektas sienin\u0117 spintel\u0117"},"content":{"rendered":"<p>CELO rinkinys 5<br \/>\n\u012e rinkin\u012f \u012feina:<br \/>\n\u2013 CELO _02 120 cm stalas<br \/>\n\u2013 CELO _03 1 dur\u0173 4 auk\u0161t\u0173 komoda<br \/>\n\u2013 CELO _08 trij\u0173 auk\u0161t\u0173 postamentas<br \/>\n\u2013 CELO _13 M lentyna<br \/>\n\u2013 CELO _14 vien\u0173 dur\u0173 dviej\u0173 auk\u0161t\u0173 knyg\u0173 lentyna<br \/>\n\u2013 CELO _20 dviej\u0173 dur\u0173 dviej\u0173 auk\u0161t\u0173 spinta<br \/>\n\u2013 CELO _24 M pakabinama lentyna<br \/>\nBaldai pagaminti i\u0161 16 mm ir 22 mm storio med\u017eio dro\u017eli\u0173 plok\u0161t\u0117s su ABS briaunomis. Stal\u010diai ir durel\u0117s turi \u0161velnaus u\u017edarymo sistem\u0105. \u012evairi\u0173 element\u0173 medin\u0117s kojel\u0117s yra 12 cm, 30 cm ir 62 cm auk\u0161\u010dio.<br \/>\nSpalv\u0173 variantai: balta \/ blizgi balta, auksinis \u0105\u017euolas \/ blizgi balta, \u0105\u017euolas \/ blizgi balta, burgundi\u0161kas \u0105\u017euolas \/ blizgi balta, \u0161viesus sonoma \u0105\u017euolas \/ blizgi balta<\/p>","protected":false},"excerpt":{"rendered":"<p>CELO komplektas 5 Komplekt\u0105 sudaro: \u2013 CELO _02 120 cm ra\u0161omasis stalas \u2013 CELO _03 1 dur\u0173 4 auk\u0161t\u0173 komoda \u2013 CELO _08 3 auk\u0161t\u0173 postamentas \u2013 CELO _13 M lentyna \u2013 CELO _14 1 dur\u0173 2 auk\u0161t\u0173 knyg\u0173 spinta \u2013 CELO _20 2 dur\u0173 2 auk\u0161t\u0173 spinta \u2013 CELO _24 M pakabinama lentyna Baldai pagaminti i\u0161 16 mm ir 22 [\u2026]<\/p>","protected":false},"featured_media":227638,"comment_status":"open","ping_status":"open","template":"","meta":[],"product_brand":[],"product_cat":[8386,2008],"product_tag":[],"class_list":{"0":"post-227637","1":"product","2":"type-product","3":"status-publish","4":"has-post-thumbnail","6":"product_cat-meblocross","7":"product_cat-wall-units","9":"first","10":"instock","11":"purchasable","12":"product-type-simple"},"_links":{"self":[{"href":"https:\/\/baldumarket.lt\/lt\/wp-json\/wp\/v2\/product\/227637","targetHints":{"allow":["GET"]}}],"collection":[{"href":"https:\/\/baldumarket.lt\/lt\/wp-json\/wp\/v2\/product"}],"about":[{"href":"https:\/\/baldumarket.lt\/lt\/wp-json\/wp\/v2\/types\/product"}],"replies":[{"embeddable":true,"href":"https:\/\/baldumarket.lt\/lt\/wp-json\/wp\/v2\/comments?post=227637"}],"wp:featuredmedia":[{"embeddable":true,"href":"https:\/\/baldumarket.lt\/lt\/wp-json\/wp\/v2\/media\/227638"}],"wp:attachment":[{"href":"https:\/\/baldumarket.lt\/lt\/wp-json\/wp\/v2\/media?parent=227637"}],"wp:term":[{"taxonomy":"product_brand","embeddable":true,"href":"https:\/\/baldumarket.lt\/lt\/wp-json\/wp\/v2\/product_brand?post=227637"},{"taxonomy":"product_cat","embeddable":true,"href":"https:\/\/baldumarket.lt\/lt\/wp-json\/wp\/v2\/product_cat?post=227637"},{"taxonomy":"product_tag","embeddable":true,"href":"https:\/\/baldumarket.lt\/lt\/wp-json\/wp\/v2\/product_tag?post=227637"}],"curies":[{"name":"wp","href":"https:\/\/api.w.org\/{rel}","templated":true}]}}