{"id":227631,"date":"2025-12-28T05:45:51","date_gmt":"2025-12-28T02:45:51","guid":{"rendered":"https:\/\/baldumarket.lt\/product\/meble-celo-6-zestaw-mlodziezowy-mebloscianka\/"},"modified":"2026-02-11T18:37:13","modified_gmt":"2026-02-11T15:37:13","slug":"meble-celo-6-zestaw-mlodziezowy-mebloscianka","status":"publish","type":"product","link":"https:\/\/baldumarket.lt\/lt\/product\/meble-celo-6-zestaw-mlodziezowy-mebloscianka\/","title":{"rendered":"CELO baldai #6 jaunimo komplektas sienin\u0117 spintel\u0117"},"content":{"rendered":"<p>CELO rinkinys, 6 vnt.<br \/>\n\u012e rinkin\u012f \u012feina:<br \/>\n\u2013 CELO _01 1D4S patalyn\u0117s spinta<br \/>\n\u2013 CELO _02 120 cm stalas<br \/>\n\u2013 CELO _08 3S stovas<br \/>\n\u2013 CELO _04 1D4SW komoda<br \/>\n\u2013 CELO _12 D formos lentyna<br \/>\n\u2013 CELO _15 1D4S knyg\u0173 lentyna<br \/>\n\u2013 CELO _16 4S knyg\u0173 lentyna<br \/>\n\u2013 CELO _27 4S vitrina<br \/>\nBaldai pagaminti i\u0161 16 mm ir 22 mm storio med\u017eio dro\u017eli\u0173 plok\u0161t\u0117s su ABS apvadais. Stal\u010diai ir durel\u0117s turi \u0161velnaus u\u017edarymo mechanizm\u0105. \u012evairi\u0173 element\u0173 medin\u0117s kojel\u0117s yra 12 cm, 30 cm ir 62 cm auk\u0161\u010dio. Spalv\u0173 variantai: balta \/ blizgi balta, auksinis \u0105\u017euolas \/ blizgi balta, artisan \u0105\u017euolas \/ blizgi balta, bordo \u0105\u017euolas \/ blizgi balta, \u0161viesus sonoma \u0105\u017euolas \/ blizgi balta.<\/p>","protected":false},"excerpt":{"rendered":"<p>CELO 6 vnt. komplektas Komplekt\u0105 sudaro: \u2013 CELO _01 1D4S patalyn\u0117s spinta \u2013 CELO _02 120 cm ra\u0161omasis stalas \u2013 CELO _08 3S stovas \u2013 CELO _04 1D4SW komoda \u2013 CELO _12 D formos lentyna \u2013 CELO _15 1D4S knyg\u0173 lentyna \u2013 CELO _16 4S knyg\u0173 lentyna \u2013 CELO _27 4S vitrina Baldai pagaminti [\u2026]<\/p>","protected":false},"featured_media":227632,"comment_status":"open","ping_status":"open","template":"","meta":[],"product_brand":[],"product_cat":[8386,2008],"product_tag":[],"class_list":{"0":"post-227631","1":"product","2":"type-product","3":"status-publish","4":"has-post-thumbnail","6":"product_cat-meblocross","7":"product_cat-wall-units","9":"first","10":"instock","11":"purchasable","12":"product-type-simple"},"_links":{"self":[{"href":"https:\/\/baldumarket.lt\/lt\/wp-json\/wp\/v2\/product\/227631","targetHints":{"allow":["GET"]}}],"collection":[{"href":"https:\/\/baldumarket.lt\/lt\/wp-json\/wp\/v2\/product"}],"about":[{"href":"https:\/\/baldumarket.lt\/lt\/wp-json\/wp\/v2\/types\/product"}],"replies":[{"embeddable":true,"href":"https:\/\/baldumarket.lt\/lt\/wp-json\/wp\/v2\/comments?post=227631"}],"wp:featuredmedia":[{"embeddable":true,"href":"https:\/\/baldumarket.lt\/lt\/wp-json\/wp\/v2\/media\/227632"}],"wp:attachment":[{"href":"https:\/\/baldumarket.lt\/lt\/wp-json\/wp\/v2\/media?parent=227631"}],"wp:term":[{"taxonomy":"product_brand","embeddable":true,"href":"https:\/\/baldumarket.lt\/lt\/wp-json\/wp\/v2\/product_brand?post=227631"},{"taxonomy":"product_cat","embeddable":true,"href":"https:\/\/baldumarket.lt\/lt\/wp-json\/wp\/v2\/product_cat?post=227631"},{"taxonomy":"product_tag","embeddable":true,"href":"https:\/\/baldumarket.lt\/lt\/wp-json\/wp\/v2\/product_tag?post=227631"}],"curies":[{"name":"wp","href":"https:\/\/api.w.org\/{rel}","templated":true}]}}