{"id":227625,"date":"2025-12-28T05:45:38","date_gmt":"2025-12-28T02:45:38","guid":{"rendered":"https:\/\/baldumarket.lt\/product\/meble-celo-7-zestaw-pokojowy-mebloscianka\/"},"modified":"2026-02-11T18:37:13","modified_gmt":"2026-02-11T15:37:13","slug":"meble-celo-7-zestaw-pokojowy-mebloscianka","status":"publish","type":"product","link":"https:\/\/baldumarket.lt\/lt\/product\/meble-celo-7-zestaw-pokojowy-mebloscianka\/","title":{"rendered":"CELO baldai #7 svetain\u0117s komplektas su sienine spintele"},"content":{"rendered":"<p>CELO rinkinys 7<br \/>\n\u012e rinkin\u012f \u012feina:<br \/>\n\u2013 CELO _04 1-D 4 jungikli\u0173 kr\u016btin\u0117<br \/>\n\u2013 CELO _06 2-D 4 jungikli\u0173 kr\u016btin\u0117<br \/>\n\u2013 CELO _09 Veidrodis<br \/>\n\u2013 CELO _19 stalas<br \/>\n\u2013 CELO _26 2 jungikli\u0173 vitrina<br \/>\n\u2013 CELO _27 4 jungikli\u0173 vitrina<br \/>\nBaldai pagaminti i\u0161 16 mm ir 22 mm storio med\u017eio dro\u017eli\u0173 plok\u0161t\u0117s su ABS briaunomis. Stal\u010diai ir durel\u0117s turi \u0161velnaus u\u017edarymo sistem\u0105. \u012evairi\u0173 element\u0173 medin\u0117s kojel\u0117s yra 12 cm, 30 cm ir 62 cm auk\u0161\u010dio.<br \/>\nSpalv\u0173 variantai: balta \/ blizgi balta, auksinis \u0105\u017euolas \/ blizgi balta, \u0105\u017euolas \/ blizgi balta, burgundi\u0161kas \u0105\u017euolas \/ blizgi balta, \u0161viesus sonoma \u0105\u017euolas \/ blizgi balta<\/p>","protected":false},"excerpt":{"rendered":"<p>CELO 7 komplektas Komplekt\u0105 sudaro: \u2013 CELO _04 1-D komoda su 4 jungikliais \u2013 CELO _06 2-D komoda su 4 jungikliais \u2013 CELO _09 Veidrodis \u2013 CELO _19 Stalas \u2013 CELO _26 Vitrina su 2 jungikliais \u2013 CELO _27 Vitrina su 4 jungikliais Baldai pagaminti i\u0161 16 mm ir 22 mm storio med\u017eio dro\u017eli\u0173 plok\u0161t\u0117s su ABS kra\u0161tais. Stal\u010diai ir durel\u0117s [\u2026]<\/p>","protected":false},"featured_media":227626,"comment_status":"open","ping_status":"open","template":"","meta":[],"product_brand":[],"product_cat":[8386,2008],"product_tag":[],"class_list":{"0":"post-227625","1":"product","2":"type-product","3":"status-publish","4":"has-post-thumbnail","6":"product_cat-meblocross","7":"product_cat-wall-units","9":"first","10":"instock","11":"purchasable","12":"product-type-simple"},"_links":{"self":[{"href":"https:\/\/baldumarket.lt\/lt\/wp-json\/wp\/v2\/product\/227625","targetHints":{"allow":["GET"]}}],"collection":[{"href":"https:\/\/baldumarket.lt\/lt\/wp-json\/wp\/v2\/product"}],"about":[{"href":"https:\/\/baldumarket.lt\/lt\/wp-json\/wp\/v2\/types\/product"}],"replies":[{"embeddable":true,"href":"https:\/\/baldumarket.lt\/lt\/wp-json\/wp\/v2\/comments?post=227625"}],"wp:featuredmedia":[{"embeddable":true,"href":"https:\/\/baldumarket.lt\/lt\/wp-json\/wp\/v2\/media\/227626"}],"wp:attachment":[{"href":"https:\/\/baldumarket.lt\/lt\/wp-json\/wp\/v2\/media?parent=227625"}],"wp:term":[{"taxonomy":"product_brand","embeddable":true,"href":"https:\/\/baldumarket.lt\/lt\/wp-json\/wp\/v2\/product_brand?post=227625"},{"taxonomy":"product_cat","embeddable":true,"href":"https:\/\/baldumarket.lt\/lt\/wp-json\/wp\/v2\/product_cat?post=227625"},{"taxonomy":"product_tag","embeddable":true,"href":"https:\/\/baldumarket.lt\/lt\/wp-json\/wp\/v2\/product_tag?post=227625"}],"curies":[{"name":"wp","href":"https:\/\/api.w.org\/{rel}","templated":true}]}}