{"id":227619,"date":"2025-12-28T05:45:22","date_gmt":"2025-12-28T02:45:22","guid":{"rendered":"https:\/\/baldumarket.lt\/product\/meble-celo-8-przedpokoj-garderoba\/"},"modified":"2026-02-11T18:37:13","modified_gmt":"2026-02-11T15:37:13","slug":"meble-celo-8-przedpokoj-garderoba","status":"publish","type":"product","link":"https:\/\/baldumarket.lt\/lt\/product\/meble-celo-8-przedpokoj-garderoba\/","title":{"rendered":"CELO baldai #8 prie\u0161kambario spinta"},"content":{"rendered":"<p>CELO rinkinys, 8 vnt.<br \/>\n\u012e rinkin\u012f \u012feina:<br \/>\n\u2013 CELO _21 2SL spinta<br \/>\n\u2013 CELO _22 1D ekologi\u0161ka juoda bat\u0173 spintel\u0117<br \/>\n\u2013 CELO _25 palt\u0173 kabykla<br \/>\nBaldai pagaminti i\u0161 16 mm ir 22 mm storio med\u017eio dro\u017eli\u0173 plok\u0161t\u0117s su ABS kra\u0161tais. Stal\u010diai ir durel\u0117s turi \u0161velnaus u\u017edarymo sistem\u0105. Medin\u0117s kojel\u0117s yra \u012fvairi\u0173 auk\u0161\u010di\u0173: 12 cm, 30 cm ir 62 cm.<br \/>\nSpalv\u0173 variantai: balta \/ blizgi balta, auksinis \u0105\u017euolas \/ blizgi balta, \u0105\u017euolas \/ blizgi balta, burgundi\u0161kas \u0105\u017euolas \/ blizgi balta, \u0161viesus sonoma \u0105\u017euolas \/ blizgi balta<\/p>","protected":false},"excerpt":{"rendered":"<p>CELO 8 vnt. komplektas Komplekt\u0105 sudaro: \u2013 CELO _21 2SL spinta \u2013 CELO _22 1D ekologi\u0161ka juoda bat\u0173 spintel\u0117 \u2013 CELO _25 palt\u0173 kabykla Baldas pagamintas i\u0161 16 mm ir 22 mm storio med\u017eio dro\u017eli\u0173 plok\u0161t\u0117s su ABS apvadu. Stal\u010diai ir durel\u0117s turi \u0161velnaus u\u017edarymo sistem\u0105. \u012evairaus auk\u0161\u010dio medin\u0117s kojel\u0117s: 12 cm, [\u2026]<\/p>","protected":false},"featured_media":227620,"comment_status":"open","ping_status":"open","template":"","meta":[],"product_brand":[],"product_cat":[8386,1177],"product_tag":[],"class_list":{"0":"post-227619","1":"product","2":"type-product","3":"status-publish","4":"has-post-thumbnail","6":"product_cat-meblocross","7":"product_cat-wardrobes","9":"first","10":"instock","11":"purchasable","12":"product-type-simple"},"_links":{"self":[{"href":"https:\/\/baldumarket.lt\/lt\/wp-json\/wp\/v2\/product\/227619","targetHints":{"allow":["GET"]}}],"collection":[{"href":"https:\/\/baldumarket.lt\/lt\/wp-json\/wp\/v2\/product"}],"about":[{"href":"https:\/\/baldumarket.lt\/lt\/wp-json\/wp\/v2\/types\/product"}],"replies":[{"embeddable":true,"href":"https:\/\/baldumarket.lt\/lt\/wp-json\/wp\/v2\/comments?post=227619"}],"wp:featuredmedia":[{"embeddable":true,"href":"https:\/\/baldumarket.lt\/lt\/wp-json\/wp\/v2\/media\/227620"}],"wp:attachment":[{"href":"https:\/\/baldumarket.lt\/lt\/wp-json\/wp\/v2\/media?parent=227619"}],"wp:term":[{"taxonomy":"product_brand","embeddable":true,"href":"https:\/\/baldumarket.lt\/lt\/wp-json\/wp\/v2\/product_brand?post=227619"},{"taxonomy":"product_cat","embeddable":true,"href":"https:\/\/baldumarket.lt\/lt\/wp-json\/wp\/v2\/product_cat?post=227619"},{"taxonomy":"product_tag","embeddable":true,"href":"https:\/\/baldumarket.lt\/lt\/wp-json\/wp\/v2\/product_tag?post=227619"}],"curies":[{"name":"wp","href":"https:\/\/api.w.org\/{rel}","templated":true}]}}