{"id":227448,"date":"2025-12-28T05:39:27","date_gmt":"2025-12-28T02:39:27","guid":{"rendered":"https:\/\/baldumarket.lt\/product\/meble-celo-25-wieszak\/"},"modified":"2026-02-11T18:37:16","modified_gmt":"2026-02-11T15:37:16","slug":"meble-celo-25-wieszak","status":"publish","type":"product","link":"https:\/\/baldumarket.lt\/lt\/product\/meble-celo-25-wieszak\/","title":{"rendered":"CELO 25 baldin\u0117 pakuot\u0117"},"content":{"rendered":"<p>CELO _25 palt\u0173 kabykla<br \/>\nBaldai pagaminti i\u0161 16 mm ir 22 mm storio med\u017eio dro\u017eli\u0173 plok\u0161t\u0117s su ABS briaunomis. Stal\u010diai ir durel\u0117s turi \u0161velnaus u\u017edarymo mechanizm\u0105. Medin\u0117s kojel\u0117s gali b\u016bti \u012fvairi\u0173 auk\u0161\u010di\u0173: 12 cm, 30 cm ir 62 cm.<br \/>\nSpalv\u0173 variantai: balta \/ blizgi balta, auksinis \u0105\u017euolas \/ blizgi balta, \u0105\u017euolas \/ blizgi balta, \u0105\u017euolas-menininkas \/ blizgi balta, \u0105\u017euolas-burgundi\u0161kas \/ blizgi balta, \u0161viesus \u0105\u017euolas-Sonoma \/ blizgi balta<\/p>","protected":false},"excerpt":{"rendered":"<p>Plotis [cm]: 90<br \/>\nAuk\u0161tis [cm]: 45<br \/>\nGylis [cm]: 25<br \/>\nSvoris [kg]: 12<\/p>","protected":false},"featured_media":227449,"comment_status":"open","ping_status":"open","template":"","meta":[],"product_brand":[],"product_cat":[1931,8386],"product_tag":[],"class_list":{"0":"post-227448","1":"product","2":"type-product","3":"status-publish","4":"has-post-thumbnail","6":"product_cat-hangers","7":"product_cat-meblocross","9":"first","10":"instock","11":"purchasable","12":"product-type-simple"},"_links":{"self":[{"href":"https:\/\/baldumarket.lt\/lt\/wp-json\/wp\/v2\/product\/227448","targetHints":{"allow":["GET"]}}],"collection":[{"href":"https:\/\/baldumarket.lt\/lt\/wp-json\/wp\/v2\/product"}],"about":[{"href":"https:\/\/baldumarket.lt\/lt\/wp-json\/wp\/v2\/types\/product"}],"replies":[{"embeddable":true,"href":"https:\/\/baldumarket.lt\/lt\/wp-json\/wp\/v2\/comments?post=227448"}],"wp:featuredmedia":[{"embeddable":true,"href":"https:\/\/baldumarket.lt\/lt\/wp-json\/wp\/v2\/media\/227449"}],"wp:attachment":[{"href":"https:\/\/baldumarket.lt\/lt\/wp-json\/wp\/v2\/media?parent=227448"}],"wp:term":[{"taxonomy":"product_brand","embeddable":true,"href":"https:\/\/baldumarket.lt\/lt\/wp-json\/wp\/v2\/product_brand?post=227448"},{"taxonomy":"product_cat","embeddable":true,"href":"https:\/\/baldumarket.lt\/lt\/wp-json\/wp\/v2\/product_cat?post=227448"},{"taxonomy":"product_tag","embeddable":true,"href":"https:\/\/baldumarket.lt\/lt\/wp-json\/wp\/v2\/product_tag?post=227448"}],"curies":[{"name":"wp","href":"https:\/\/api.w.org\/{rel}","templated":true}]}}