{"id":227422,"date":"2025-12-28T05:38:32","date_gmt":"2025-12-28T02:38:32","guid":{"rendered":"https:\/\/baldumarket.lt\/product\/meble-crassy-2-meble-pokojowe-mebloscianka\/"},"modified":"2026-02-11T18:37:16","modified_gmt":"2026-02-11T15:37:16","slug":"meble-crassy-2-meble-pokojowe-mebloscianka","status":"publish","type":"product","link":"https:\/\/baldumarket.lt\/lt\/product\/meble-crassy-2-meble-pokojowe-mebloscianka\/","title":{"rendered":"CRASSY baldai #2 svetain\u0117s bald\u0173 sienin\u0117 spintel\u0117"},"content":{"rendered":"<p>CRASSY 2 rinkinys<br \/>\n\u012e rinkin\u012f \u012feina:<br \/>\nCRASSY 05 2-D komoda<br \/>\nCRASSY 17 4-D lentyna<br \/>\nCRASSY 18 4-D lentyna 2S<br \/>\nCRASSY 19 1-D TV staliukas 1S<br \/>\nCRASSY 23 M pakabinama spintel\u0117<br \/>\nCRASSY 12 dvipusis kavos staliukas<br \/>\nBaldai pagaminti i\u0161 16 mm ir 25 mm storio med\u017eio dro\u017eli\u0173 plok\u0161t\u0117s su ABS kra\u0161tais. Stal\u010diai ir durel\u0117s turi \u0161velnaus u\u017edarymo sistem\u0105. Metalin\u0117s kojel\u0117s yra \u012fvairi\u0173 auk\u0161\u010di\u0173 \u2013 12 cm, 22 cm ir 73 cm.<br \/>\nSpalv\u0173 variantai: Auksinis \u0105\u017euolas \u201eCraft\u201c \/ balta \/ juoda, juoda \/ balta \/ juoda, \u0105\u017euolas \u201eArtisan\u201c \/ balta \/ juoda, \u0105\u017euolas \u201eBurgundy\u201c \/ balta \/ juoda, \u0105\u017euolas \u201eSonoma\u201c \/ balta \/ juoda<\/p>","protected":false},"excerpt":{"rendered":"<p>CRASSY Set 2 The set includes: CRASSY 05 2-D Chest of Drawers CRASSY 17 4-D Shelf CRASSY 18 4-D Shelf 2S CRASSY 19 1-D TV Stand 1S CRASSY 23 M Wall-Hung Cabinet CRASSY 12 2-Side Coffee Table The furniture is made of 16mm and 25mm thick chipboard with ABS edging. The drawers and doors have [&hellip;]<\/p>","protected":false},"featured_media":227423,"comment_status":"open","ping_status":"open","template":"","meta":[],"product_brand":[],"product_cat":[8386,2008],"product_tag":[],"class_list":{"0":"post-227422","1":"product","2":"type-product","3":"status-publish","4":"has-post-thumbnail","6":"product_cat-meblocross","7":"product_cat-wall-units","9":"first","10":"instock","11":"purchasable","12":"product-type-simple"},"_links":{"self":[{"href":"https:\/\/baldumarket.lt\/lt\/wp-json\/wp\/v2\/product\/227422","targetHints":{"allow":["GET"]}}],"collection":[{"href":"https:\/\/baldumarket.lt\/lt\/wp-json\/wp\/v2\/product"}],"about":[{"href":"https:\/\/baldumarket.lt\/lt\/wp-json\/wp\/v2\/types\/product"}],"replies":[{"embeddable":true,"href":"https:\/\/baldumarket.lt\/lt\/wp-json\/wp\/v2\/comments?post=227422"}],"wp:featuredmedia":[{"embeddable":true,"href":"https:\/\/baldumarket.lt\/lt\/wp-json\/wp\/v2\/media\/227423"}],"wp:attachment":[{"href":"https:\/\/baldumarket.lt\/lt\/wp-json\/wp\/v2\/media?parent=227422"}],"wp:term":[{"taxonomy":"product_brand","embeddable":true,"href":"https:\/\/baldumarket.lt\/lt\/wp-json\/wp\/v2\/product_brand?post=227422"},{"taxonomy":"product_cat","embeddable":true,"href":"https:\/\/baldumarket.lt\/lt\/wp-json\/wp\/v2\/product_cat?post=227422"},{"taxonomy":"product_tag","embeddable":true,"href":"https:\/\/baldumarket.lt\/lt\/wp-json\/wp\/v2\/product_tag?post=227422"}],"curies":[{"name":"wp","href":"https:\/\/api.w.org\/{rel}","templated":true}]}}