{"id":227415,"date":"2025-12-28T05:38:17","date_gmt":"2025-12-28T02:38:17","guid":{"rendered":"https:\/\/baldumarket.lt\/product\/meble-crassy-3-meble-pokojowe-mebloscianka\/"},"modified":"2026-02-11T18:37:16","modified_gmt":"2026-02-11T15:37:16","slug":"meble-crassy-3-meble-pokojowe-mebloscianka","status":"publish","type":"product","link":"https:\/\/baldumarket.lt\/lt\/product\/meble-crassy-3-meble-pokojowe-mebloscianka\/","title":{"rendered":"CRASSY baldai #3 svetain\u0117s bald\u0173 sienin\u0117 spintel\u0117"},"content":{"rendered":"<p>CRASSY rinkinys 3<br \/>\n\u012e rinkin\u012f \u012feina:<br \/>\nCRASSY 01 4 dur\u0173 patalyn\u0117s spinta<br \/>\nCRASSY 06 dviej\u0173 dur\u0173 dviej\u0173 auk\u0161t\u0173 komoda<br \/>\nCRASSY 20 dviej\u0173 dur\u0173 vieno auk\u0161to televizoriaus staliukas<br \/>\nCRASSY 24 dviej\u0173 dur\u0173 sienin\u0117 spintel\u0117<br \/>\nCRASSY 25 dviej\u0173 dur\u0173 vitrina<br \/>\nCRASSY 13 dviej\u0173 auk\u0161t\u0173 kavos staliukas<br \/>\nBaldai pagaminti i\u0161 16 mm ir 25 mm storio med\u017eio dro\u017eli\u0173 plok\u0161t\u0117s su ABS kra\u0161tais. Stal\u010diai ir durel\u0117s turi \u0161velnaus u\u017edarymo sistem\u0105. Metalin\u0117s kojel\u0117s yra \u012fvairi\u0173 auk\u0161\u010di\u0173 \u2013 12 cm, 22 cm ir 73 cm.<br \/>\nSpalv\u0173 variantai: auksinis \u0105\u017euolas \/ balta \/ juoda, juoda \/ balta \/ juoda, \u0105\u017euolas \/ balta \/ juoda, burgundi\u0161kas \u0105\u017euolas \/ balta \/ juoda, \u0161viesus sonoma \u0105\u017euolas \/ balta \/ juoda<\/p>","protected":false},"excerpt":{"rendered":"<p>CRASSY 3 komplektas Komplekt\u0105 sudaro: CRASSY 01 4 dur\u0173 patalyn\u0117s spinta CRASSY 06 2 dur\u0173 2 auk\u0161t\u0173 komoda CRASSY 20 2 dur\u0173 1 auk\u0161to televizoriaus staliukas CRASSY 24 2 dur\u0173 prie sienos montuojama spintel\u0117 CRASSY 25 2 dur\u0173 vitrina CRASSY 13 2 auk\u0161t\u0173 kavos staliukas Baldai pagaminti i\u0161 16 mm ir 25 mm storio med\u017eio dro\u017eli\u0173 plok\u0161t\u0117s su ABS apvadais. Stal\u010diai ir durel\u0117s turi [\u2026]<\/p>","protected":false},"featured_media":227416,"comment_status":"open","ping_status":"open","template":"","meta":[],"product_brand":[],"product_cat":[8386,2008],"product_tag":[],"class_list":{"0":"post-227415","1":"product","2":"type-product","3":"status-publish","4":"has-post-thumbnail","6":"product_cat-meblocross","7":"product_cat-wall-units","9":"first","10":"instock","11":"purchasable","12":"product-type-simple"},"_links":{"self":[{"href":"https:\/\/baldumarket.lt\/lt\/wp-json\/wp\/v2\/product\/227415","targetHints":{"allow":["GET"]}}],"collection":[{"href":"https:\/\/baldumarket.lt\/lt\/wp-json\/wp\/v2\/product"}],"about":[{"href":"https:\/\/baldumarket.lt\/lt\/wp-json\/wp\/v2\/types\/product"}],"replies":[{"embeddable":true,"href":"https:\/\/baldumarket.lt\/lt\/wp-json\/wp\/v2\/comments?post=227415"}],"wp:featuredmedia":[{"embeddable":true,"href":"https:\/\/baldumarket.lt\/lt\/wp-json\/wp\/v2\/media\/227416"}],"wp:attachment":[{"href":"https:\/\/baldumarket.lt\/lt\/wp-json\/wp\/v2\/media?parent=227415"}],"wp:term":[{"taxonomy":"product_brand","embeddable":true,"href":"https:\/\/baldumarket.lt\/lt\/wp-json\/wp\/v2\/product_brand?post=227415"},{"taxonomy":"product_cat","embeddable":true,"href":"https:\/\/baldumarket.lt\/lt\/wp-json\/wp\/v2\/product_cat?post=227415"},{"taxonomy":"product_tag","embeddable":true,"href":"https:\/\/baldumarket.lt\/lt\/wp-json\/wp\/v2\/product_tag?post=227415"}],"curies":[{"name":"wp","href":"https:\/\/api.w.org\/{rel}","templated":true}]}}