{"id":227408,"date":"2025-12-28T05:38:01","date_gmt":"2025-12-28T02:38:01","guid":{"rendered":"https:\/\/baldumarket.lt\/product\/meble-crassy-4-meble-pokojowe-mebloscianka\/"},"modified":"2026-02-11T18:37:16","modified_gmt":"2026-02-11T15:37:16","slug":"meble-crassy-4-meble-pokojowe-mebloscianka","status":"publish","type":"product","link":"https:\/\/baldumarket.lt\/lt\/product\/meble-crassy-4-meble-pokojowe-mebloscianka\/","title":{"rendered":"CRASSY baldai #4 svetain\u0117s bald\u0173 sienin\u0117 spintel\u0117"},"content":{"rendered":"<p>CRASSY rinkinys, 4 vnt.<br \/>\n\u012e rinkin\u012f \u012feina:<br \/>\nCRASSY 06 2-D 2-S komoda<br \/>\nCRASSY 16 3D 2 lentyn\u0173 blokas<br \/>\nCRASSY 20 2-D 1-S TV staliukas<br \/>\nCRASSY 21 2D spinta<br \/>\nCRASSY 22 2-D sienin\u0117 spintel\u0117<br \/>\nCRASSY 13 2-S \u0161oninis staliukas<br \/>\nBaldai pagaminti i\u0161 16 mm ir 25 mm storio med\u017eio dro\u017eli\u0173 plok\u0161t\u0117s su ABS kra\u0161tais. Stal\u010diai ir durel\u0117s turi \u0161velnaus u\u017edarymo sistem\u0105. Metalin\u0117s kojel\u0117s yra \u012fvairi\u0173 auk\u0161\u010di\u0173 \u2013 12 cm, 22 cm ir 73 cm.<br \/>\nSpalv\u0173 variantai: auksinis \u0105\u017euolas \/ balta \/ juoda, juoda \/ balta \/ juoda, \u0105\u017euolas \/ balta \/ juoda, burgundi\u0161kas \u0105\u017euolas \/ balta \/ juoda, \u0161viesus sonoma \u0105\u017euolas \/ balta \/ juoda<\/p>","protected":false},"excerpt":{"rendered":"<p>CRASSY Set of 4 The set includes: CRASSY 06 2-D 2-S chest of drawers CRASSY 16 3-D 2-S shelving unit CRASSY 20 2-D 1-S TV stand CRASSY 21 2-D wardrobe CRASSY 22 2-D wall-mounted cabinet CRASSY 13 2-S side table The furniture is made of 16mm and 25mm thick chipboard with ABS edging. The drawers [&hellip;]<\/p>","protected":false},"featured_media":227409,"comment_status":"open","ping_status":"open","template":"","meta":[],"product_brand":[],"product_cat":[8386,2008],"product_tag":[],"class_list":{"0":"post-227408","1":"product","2":"type-product","3":"status-publish","4":"has-post-thumbnail","6":"product_cat-meblocross","7":"product_cat-wall-units","9":"first","10":"instock","11":"purchasable","12":"product-type-simple"},"_links":{"self":[{"href":"https:\/\/baldumarket.lt\/lt\/wp-json\/wp\/v2\/product\/227408","targetHints":{"allow":["GET"]}}],"collection":[{"href":"https:\/\/baldumarket.lt\/lt\/wp-json\/wp\/v2\/product"}],"about":[{"href":"https:\/\/baldumarket.lt\/lt\/wp-json\/wp\/v2\/types\/product"}],"replies":[{"embeddable":true,"href":"https:\/\/baldumarket.lt\/lt\/wp-json\/wp\/v2\/comments?post=227408"}],"wp:featuredmedia":[{"embeddable":true,"href":"https:\/\/baldumarket.lt\/lt\/wp-json\/wp\/v2\/media\/227409"}],"wp:attachment":[{"href":"https:\/\/baldumarket.lt\/lt\/wp-json\/wp\/v2\/media?parent=227408"}],"wp:term":[{"taxonomy":"product_brand","embeddable":true,"href":"https:\/\/baldumarket.lt\/lt\/wp-json\/wp\/v2\/product_brand?post=227408"},{"taxonomy":"product_cat","embeddable":true,"href":"https:\/\/baldumarket.lt\/lt\/wp-json\/wp\/v2\/product_cat?post=227408"},{"taxonomy":"product_tag","embeddable":true,"href":"https:\/\/baldumarket.lt\/lt\/wp-json\/wp\/v2\/product_tag?post=227408"}],"curies":[{"name":"wp","href":"https:\/\/api.w.org\/{rel}","templated":true}]}}