{"id":227400,"date":"2025-12-28T05:37:45","date_gmt":"2025-12-28T02:37:45","guid":{"rendered":"https:\/\/baldumarket.lt\/product\/meble-crassy-01-bielizniarka-4d\/"},"modified":"2026-02-11T18:37:16","modified_gmt":"2026-02-11T15:37:16","slug":"meble-crassy-01-bielizniarka-4d","status":"publish","type":"product","link":"https:\/\/baldumarket.lt\/lt\/product\/meble-crassy-01-bielizniarka-4d\/","title":{"rendered":"CRASSY 01 baldai 4D patalyn\u0117s spinta"},"content":{"rendered":"<p>CRASSY _01 4D skalbini\u0173 virv\u0117<br \/>\nBaldai pagaminti i\u0161 16 mm ir 25 mm storio med\u017eio dro\u017eli\u0173 plok\u0161t\u0117s su ABS kra\u0161tais. Stal\u010diai ir durel\u0117s turi \u0161velnaus u\u017edarymo mechanizm\u0105. Metalin\u0117s kojel\u0117s yra \u012fvairi\u0173 auk\u0161\u010di\u0173: 12 cm, 22 cm ir 73 cm.<br \/>\nSpalv\u0173 variantai: Auksinis \u0105\u017euolas \u201eCraft\u201c \/ balta \/ juoda, juoda \/ balta \/ juoda, \u0105\u017euolas \u201eArtisan\u201c \/ balta \/ juoda, \u0105\u017euolas \u201eBurgundy\u201c \/ balta \/ juoda, \u0105\u017euolas \u201eSonoma\u201c \/ balta \/ juoda<\/p>","protected":false},"excerpt":{"rendered":"<p>Plotis [cm]: 80<br \/>\nAuk\u0161tis [cm]: 195<br \/>\nGylis [cm]: 46<br \/>\nSvoris [kg]: 80<\/p>","protected":false},"featured_media":227401,"comment_status":"open","ping_status":"open","template":"","meta":[],"product_brand":[],"product_cat":[8386,1177],"product_tag":[],"class_list":{"0":"post-227400","1":"product","2":"type-product","3":"status-publish","4":"has-post-thumbnail","6":"product_cat-meblocross","7":"product_cat-wardrobes","9":"first","10":"instock","11":"purchasable","12":"product-type-simple"},"_links":{"self":[{"href":"https:\/\/baldumarket.lt\/lt\/wp-json\/wp\/v2\/product\/227400","targetHints":{"allow":["GET"]}}],"collection":[{"href":"https:\/\/baldumarket.lt\/lt\/wp-json\/wp\/v2\/product"}],"about":[{"href":"https:\/\/baldumarket.lt\/lt\/wp-json\/wp\/v2\/types\/product"}],"replies":[{"embeddable":true,"href":"https:\/\/baldumarket.lt\/lt\/wp-json\/wp\/v2\/comments?post=227400"}],"wp:featuredmedia":[{"embeddable":true,"href":"https:\/\/baldumarket.lt\/lt\/wp-json\/wp\/v2\/media\/227401"}],"wp:attachment":[{"href":"https:\/\/baldumarket.lt\/lt\/wp-json\/wp\/v2\/media?parent=227400"}],"wp:term":[{"taxonomy":"product_brand","embeddable":true,"href":"https:\/\/baldumarket.lt\/lt\/wp-json\/wp\/v2\/product_brand?post=227400"},{"taxonomy":"product_cat","embeddable":true,"href":"https:\/\/baldumarket.lt\/lt\/wp-json\/wp\/v2\/product_cat?post=227400"},{"taxonomy":"product_tag","embeddable":true,"href":"https:\/\/baldumarket.lt\/lt\/wp-json\/wp\/v2\/product_tag?post=227400"}],"curies":[{"name":"wp","href":"https:\/\/api.w.org\/{rel}","templated":true}]}}