{"id":227323,"date":"2025-12-28T05:34:52","date_gmt":"2025-12-28T02:34:52","guid":{"rendered":"https:\/\/baldumarket.lt\/product\/meble-crassy-12-lawa-2sk\/"},"modified":"2026-02-11T18:37:18","modified_gmt":"2026-02-11T15:37:18","slug":"meble-crassy-12-lawa-2sk","status":"publish","type":"product","link":"https:\/\/baldumarket.lt\/lt\/product\/meble-crassy-12-lawa-2sk\/","title":{"rendered":"CRASSY 12 baldai, 2SK kavos staliukas"},"content":{"rendered":"<p>CRASSY _12 2SK kavos staliukas<br \/>\nBaldai pagaminti i\u0161 16 mm ir 25 mm storio med\u017eio dro\u017eli\u0173 plok\u0161t\u0117s su ABS kra\u0161tais. Stal\u010diai ir durel\u0117s turi \u0161velnaus u\u017edarymo mechanizm\u0105. Metalin\u0117s kojel\u0117s yra \u012fvairi\u0173 auk\u0161\u010di\u0173: 12 cm, 22 cm ir 73 cm.<br \/>\nSpalv\u0173 variantai: Auksinis \u0105\u017euolas \u201eCraft\u201c \/ balta \/ juoda, juoda \/ balta \/ juoda, \u0105\u017euolas \u201eArtisan\u201c \/ balta \/ juoda, \u0105\u017euolas \u201eBurgundy\u201c \/ balta \/ juoda, \u0105\u017euolas \u201eSonoma\u201c \/ balta \/ juoda<\/p>","protected":false},"excerpt":{"rendered":"<p>Plotis [cm]: 90<br \/>\nAuk\u0161tis [cm]: 46<br \/>\nGylis [cm]: 90<br \/>\nSvoris [kg]: 46<\/p>","protected":false},"featured_media":227324,"comment_status":"open","ping_status":"open","template":"","meta":[],"product_brand":[],"product_cat":[866,8386],"product_tag":[],"class_list":{"0":"post-227323","1":"product","2":"type-product","3":"status-publish","4":"has-post-thumbnail","6":"product_cat-coffee-tables","7":"product_cat-meblocross","9":"first","10":"instock","11":"purchasable","12":"product-type-simple"},"_links":{"self":[{"href":"https:\/\/baldumarket.lt\/lt\/wp-json\/wp\/v2\/product\/227323","targetHints":{"allow":["GET"]}}],"collection":[{"href":"https:\/\/baldumarket.lt\/lt\/wp-json\/wp\/v2\/product"}],"about":[{"href":"https:\/\/baldumarket.lt\/lt\/wp-json\/wp\/v2\/types\/product"}],"replies":[{"embeddable":true,"href":"https:\/\/baldumarket.lt\/lt\/wp-json\/wp\/v2\/comments?post=227323"}],"wp:featuredmedia":[{"embeddable":true,"href":"https:\/\/baldumarket.lt\/lt\/wp-json\/wp\/v2\/media\/227324"}],"wp:attachment":[{"href":"https:\/\/baldumarket.lt\/lt\/wp-json\/wp\/v2\/media?parent=227323"}],"wp:term":[{"taxonomy":"product_brand","embeddable":true,"href":"https:\/\/baldumarket.lt\/lt\/wp-json\/wp\/v2\/product_brand?post=227323"},{"taxonomy":"product_cat","embeddable":true,"href":"https:\/\/baldumarket.lt\/lt\/wp-json\/wp\/v2\/product_cat?post=227323"},{"taxonomy":"product_tag","embeddable":true,"href":"https:\/\/baldumarket.lt\/lt\/wp-json\/wp\/v2\/product_tag?post=227323"}],"curies":[{"name":"wp","href":"https:\/\/api.w.org\/{rel}","templated":true}]}}