{"id":227189,"date":"2025-12-28T05:30:15","date_gmt":"2025-12-28T02:30:15","guid":{"rendered":"https:\/\/baldumarket.lt\/product\/meble-delis-1-zestaw-witryna-szafka-rtv-regal-polka-dab-cremona\/"},"modified":"2026-02-11T18:37:20","modified_gmt":"2026-02-11T15:37:20","slug":"meble-delis-1-zestaw-witryna-szafka-rtv-regal-polka-dab-cremona","status":"publish","type":"product","link":"https:\/\/baldumarket.lt\/lt\/product\/meble-delis-1-zestaw-witryna-szafka-rtv-regal-polka-dab-cremona\/","title":{"rendered":"DELIS baldai #1 komplektas: vitrina, televizoriaus spintel\u0117, lentyna, \u0105\u017euolas \u201eCremona\u201c"},"content":{"rendered":"<p>DELIS komplektas 1. 16 mm ir 25 mm plok\u0161t\u0117, ABS kra\u0161tas, \u0161velnaus u\u017edarymo, PILNAI ATIDARYTOS b\u0117gel\u0117s. Komplekt\u0105 sudaro: DELIS 14 baldai, vitrina 97\/118\/43 \u2013 53 kg \u2013 3 vnt., DELIS 10 baldai, televizoriaus spintel\u0117 140\/49\/43 \u2013 32 kg \u2013 1 vnt., DELIS 09 baldai, lentyna 80\/186\/43 \u2013 46 kg \u2013 2 vnt., DELIS 07 baldai, lentyna 80\/39\/25 \u2013 10 kg \u2013 1 vnt. Spalva: kremonos \u0105\u017euolas.<\/p>","protected":false},"excerpt":{"rendered":"<p>T\u016bris [m3]: 0,332<br \/>\nSvoris [kg]: 141<br \/>\nSpalva: Kremonos \u0105\u017euolas<\/p>","protected":false},"featured_media":227190,"comment_status":"open","ping_status":"open","template":"","meta":[],"product_brand":[],"product_cat":[8386,2008],"product_tag":[],"class_list":{"0":"post-227189","1":"product","2":"type-product","3":"status-publish","4":"has-post-thumbnail","6":"product_cat-meblocross","7":"product_cat-wall-units","9":"first","10":"instock","11":"purchasable","12":"product-type-simple"},"_links":{"self":[{"href":"https:\/\/baldumarket.lt\/lt\/wp-json\/wp\/v2\/product\/227189","targetHints":{"allow":["GET"]}}],"collection":[{"href":"https:\/\/baldumarket.lt\/lt\/wp-json\/wp\/v2\/product"}],"about":[{"href":"https:\/\/baldumarket.lt\/lt\/wp-json\/wp\/v2\/types\/product"}],"replies":[{"embeddable":true,"href":"https:\/\/baldumarket.lt\/lt\/wp-json\/wp\/v2\/comments?post=227189"}],"wp:featuredmedia":[{"embeddable":true,"href":"https:\/\/baldumarket.lt\/lt\/wp-json\/wp\/v2\/media\/227190"}],"wp:attachment":[{"href":"https:\/\/baldumarket.lt\/lt\/wp-json\/wp\/v2\/media?parent=227189"}],"wp:term":[{"taxonomy":"product_brand","embeddable":true,"href":"https:\/\/baldumarket.lt\/lt\/wp-json\/wp\/v2\/product_brand?post=227189"},{"taxonomy":"product_cat","embeddable":true,"href":"https:\/\/baldumarket.lt\/lt\/wp-json\/wp\/v2\/product_cat?post=227189"},{"taxonomy":"product_tag","embeddable":true,"href":"https:\/\/baldumarket.lt\/lt\/wp-json\/wp\/v2\/product_tag?post=227189"}],"curies":[{"name":"wp","href":"https:\/\/api.w.org\/{rel}","templated":true}]}}