{"id":227119,"date":"2025-12-28T05:27:43","date_gmt":"2025-12-28T02:27:43","guid":{"rendered":"https:\/\/baldumarket.lt\/product\/meble-delis-2-regal-szafka-rtv-wytryna-polka-stolik-kawowy-dab-grange-graf\/"},"modified":"2026-02-11T18:37:20","modified_gmt":"2026-02-11T15:37:20","slug":"meble-delis-2-regal-szafka-rtv-wytryna-polka-stolik-kawowy-dab-grange-graf","status":"publish","type":"product","link":"https:\/\/baldumarket.lt\/lt\/product\/meble-delis-2-regal-szafka-rtv-wytryna-polka-stolik-kawowy-dab-grange-graf\/","title":{"rendered":"DELIS baldai #2 lentyna TV spintel\u0117 lentyna kavos staliukas Grange grafito spalvos \u0105\u017euolas"},"content":{"rendered":"<p>DELIS komplektas 2. 16 mm ir 25 mm plok\u0161t\u0117, ABS kra\u0161tas, \u0161velnaus u\u017edarymo, PILNAI ATIDARYTOS b\u0117gel\u0117s. Komplekt\u0105 sudaro: DELIS 08 baldai, lentyna 97\/118\/43 \u2013 53 kg \u2013 2 vnt., DELIS 11 baldai, televizoriaus spintel\u0117 175\/49\/43 \u2013 42 kg \u2013 1 vnt., DELIS 15 baldai, vitrina 58\/186\/43 \u2013 46,5 kg \u2013 3 vnt., DELIS 13 baldai, lentyna 140\/39\/27 \u2013 19 kg \u2013 1 vnt., DELIS 06 baldai, kavos staliukas 110\/46\/60 \u2013 22 kg \u2013 1 vnt. Spalva: granito \u0105\u017euolas \/ grafitas.<\/p>","protected":false},"excerpt":{"rendered":"<p>T\u016bris [m3] 0,410<br \/>\nSvoris [kg]: 182,5<br \/>\nSpalvos: Grange \u0105\u017euolas, grafitas<\/p>","protected":false},"featured_media":227120,"comment_status":"open","ping_status":"open","template":"","meta":[],"product_brand":[],"product_cat":[8386,2008],"product_tag":[],"class_list":{"0":"post-227119","1":"product","2":"type-product","3":"status-publish","4":"has-post-thumbnail","6":"product_cat-meblocross","7":"product_cat-wall-units","9":"first","10":"instock","11":"purchasable","12":"product-type-simple"},"_links":{"self":[{"href":"https:\/\/baldumarket.lt\/lt\/wp-json\/wp\/v2\/product\/227119","targetHints":{"allow":["GET"]}}],"collection":[{"href":"https:\/\/baldumarket.lt\/lt\/wp-json\/wp\/v2\/product"}],"about":[{"href":"https:\/\/baldumarket.lt\/lt\/wp-json\/wp\/v2\/types\/product"}],"replies":[{"embeddable":true,"href":"https:\/\/baldumarket.lt\/lt\/wp-json\/wp\/v2\/comments?post=227119"}],"wp:featuredmedia":[{"embeddable":true,"href":"https:\/\/baldumarket.lt\/lt\/wp-json\/wp\/v2\/media\/227120"}],"wp:attachment":[{"href":"https:\/\/baldumarket.lt\/lt\/wp-json\/wp\/v2\/media?parent=227119"}],"wp:term":[{"taxonomy":"product_brand","embeddable":true,"href":"https:\/\/baldumarket.lt\/lt\/wp-json\/wp\/v2\/product_brand?post=227119"},{"taxonomy":"product_cat","embeddable":true,"href":"https:\/\/baldumarket.lt\/lt\/wp-json\/wp\/v2\/product_cat?post=227119"},{"taxonomy":"product_tag","embeddable":true,"href":"https:\/\/baldumarket.lt\/lt\/wp-json\/wp\/v2\/product_tag?post=227119"}],"curies":[{"name":"wp","href":"https:\/\/api.w.org\/{rel}","templated":true}]}}